{"id":821,"date":"2023-07-06T02:48:53","date_gmt":"2023-07-06T02:48:53","guid":{"rendered":"https:\/\/staging.ass.ulm.schule\/?page_id=821"},"modified":"2023-07-13T00:05:25","modified_gmt":"2023-07-13T00:05:25","slug":"inklusion","status":"publish","type":"page","link":"https:\/\/asg-ulm.de\/index.php\/inklusion\/","title":{"rendered":"Inklusion"},"content":{"rendered":"\n<h3 class=\"wp-block-heading\"><strong>Inklusion<\/strong><\/h3>\n\n\n\n<p>Die Adalbert-Stifter-GMS ist eine inklusive Schule, die mit F\u00f6rderschulen wie z.B. der Pestalozzischule Ulm und der Hans-Zulliger-Schule Ulm zusammenarbeitet.<br><\/p>\n\n\n\n<p>Lernende haben ganz unterschiedliche Voraussetzungen f\u00fcr das Lernen und ben\u00f6tigen daher auch unterschiedliche Unterst\u00fctzungsangebote. Um jedem Lernenden m\u00f6glichst faire Chancen zu bieten, werden an der ASG Kinder mit unterschiedlichen F\u00f6rderschwerpunkten inklusiv beschult und hierf\u00fcr zus\u00e4tzlich von speziell ausgebildeten F\u00f6rderschullehrkr\u00e4ften begleitet.<br><\/p>\n\n\n\n<p>Um den besten Weg f\u00fcr die Lernenden zu finden, legt die ASG gro\u00dfen Wert auf eine enge Verzahnung zwischen Eltern, Lehrkr\u00e4ften und Lernenden.<\/p>\n","protected":false},"excerpt":{"rendered":"<p>Inklusion Die Adalbert-Stifter-GMS ist eine inklusive Schule, die mit F\u00f6rderschulen wie z.B. der Pestalozzischule Ulm und der Hans-Zulliger-Schule Ulm zusammenarbeitet. Lernende haben ganz unterschiedliche Voraussetzungen f\u00fcr das Lernen und ben\u00f6tigen daher auch unterschiedliche Unterst\u00fctzungsangebote. Um jedem Lernenden m\u00f6glichst faire Chancen zu bieten, werden an der ASG Kinder mit unterschiedlichen F\u00f6rderschwerpunkten inklusiv beschult und hierf\u00fcr zus\u00e4tzlich [&hellip;]<\/p>\n","protected":false},"author":2,"featured_media":0,"parent":0,"menu_order":0,"comment_status":"closed","ping_status":"closed","template":"","meta":{"site-sidebar-layout":"default","site-content-layout":"","ast-site-content-layout":"default","site-content-style":"default","site-sidebar-style":"default","ast-global-header-display":"","ast-banner-title-visibility":"","ast-main-header-display":"","ast-hfb-above-header-display":"","ast-hfb-below-header-display":"","ast-hfb-mobile-header-display":"","site-post-title":"","ast-breadcrumbs-content":"","ast-featured-img":"","footer-sml-layout":"","ast-disable-related-posts":"","theme-transparent-header-meta":"","adv-header-id-meta":"","stick-header-meta":"","header-above-stick-meta":"","header-main-stick-meta":"","header-below-stick-meta":"","astra-migrate-meta-layouts":"default","ast-page-background-enabled":"default","ast-page-background-meta":{"desktop":{"background-color":"var(--ast-global-color-4)","background-image":"","background-repeat":"repeat","background-position":"center center","background-size":"auto","background-attachment":"scroll","background-type":"","background-media":"","overlay-type":"","overlay-color":"","overlay-opacity":"","overlay-gradient":""},"tablet":{"background-color":"","background-image":"","background-repeat":"repeat","background-position":"center center","background-size":"auto","background-attachment":"scroll","background-type":"","background-media":"","overlay-type":"","overlay-color":"","overlay-opacity":"","overlay-gradient":""},"mobile":{"background-color":"","background-image":"","background-repeat":"repeat","background-position":"center center","background-size":"auto","background-attachment":"scroll","background-type":"","background-media":"","overlay-type":"","overlay-color":"","overlay-opacity":"","overlay-gradient":""}},"ast-content-background-meta":{"desktop":{"background-color":"var(--ast-global-color-5)","background-image":"","background-repeat":"repeat","background-position":"center center","background-size":"auto","background-attachment":"scroll","background-type":"","background-media":"","overlay-type":"","overlay-color":"","overlay-opacity":"","overlay-gradient":""},"tablet":{"background-color":"var(--ast-global-color-5)","background-image":"","background-repeat":"repeat","background-position":"center center","background-size":"auto","background-attachment":"scroll","background-type":"","background-media":"","overlay-type":"","overlay-color":"","overlay-opacity":"","overlay-gradient":""},"mobile":{"background-color":"var(--ast-global-color-5)","background-image":"","background-repeat":"repeat","background-position":"center center","background-size":"auto","background-attachment":"scroll","background-type":"","background-media":"","overlay-type":"","overlay-color":"","overlay-opacity":"","overlay-gradient":""}},"_themeisle_gutenberg_block_has_review":false,"_mc_calendar":[],"footnotes":""},"class_list":["post-821","page","type-page","status-publish","hentry"],"_links":{"self":[{"href":"https:\/\/asg-ulm.de\/index.php\/wp-json\/wp\/v2\/pages\/821","targetHints":{"allow":["GET"]}}],"collection":[{"href":"https:\/\/asg-ulm.de\/index.php\/wp-json\/wp\/v2\/pages"}],"about":[{"href":"https:\/\/asg-ulm.de\/index.php\/wp-json\/wp\/v2\/types\/page"}],"author":[{"embeddable":true,"href":"https:\/\/asg-ulm.de\/index.php\/wp-json\/wp\/v2\/users\/2"}],"replies":[{"embeddable":true,"href":"https:\/\/asg-ulm.de\/index.php\/wp-json\/wp\/v2\/comments?post=821"}],"version-history":[{"count":5,"href":"https:\/\/asg-ulm.de\/index.php\/wp-json\/wp\/v2\/pages\/821\/revisions"}],"predecessor-version":[{"id":1283,"href":"https:\/\/asg-ulm.de\/index.php\/wp-json\/wp\/v2\/pages\/821\/revisions\/1283"}],"wp:attachment":[{"href":"https:\/\/asg-ulm.de\/index.php\/wp-json\/wp\/v2\/media?parent=821"}],"curies":[{"name":"wp","href":"https:\/\/api.w.org\/{rel}","templated":true}]}}