{"id":603,"date":"2023-07-02T13:16:52","date_gmt":"2023-07-02T13:16:52","guid":{"rendered":"https:\/\/staging.ass.ulm.schule\/?page_id=603"},"modified":"2023-07-17T07:38:20","modified_gmt":"2023-07-17T07:38:20","slug":"berichte","status":"publish","type":"page","link":"https:\/\/asg-ulm.de\/index.php\/schulleben-2\/berichte\/","title":{"rendered":"Berichte"},"content":{"rendered":"\n<div style=\"height:39px\" aria-hidden=\"true\" class=\"wp-block-spacer\"><\/div>\n\n\n<div class=\"is-style-boxed ticss-50322272 wp-block-themeisle-blocks-posts-grid\" id=\"wp-block-themeisle-blocks-posts-grid-fa7f6b6f\"><div class=\"is-grid o-posts-grid-columns-3\"><div class=\"o-posts-grid-post-blog o-posts-grid-post-plain\"><div class=\"o-posts-grid-post\"><div class=\"o-posts-grid-post-image\"><a href=\"https:\/\/asg-ulm.de\/index.php\/2025\/01\/09\/weihnachtswuensche\/\"><img loading=\"lazy\" decoding=\"async\" width=\"1024\" height=\"576\" src=\"https:\/\/asg-ulm.de\/wp-content\/uploads\/2025\/01\/threema-20241219-163800261.jpg\" class=\"attachment-full size-full\" alt=\"WEihnachtsw\u00fcnsche\" srcset=\"https:\/\/asg-ulm.de\/wp-content\/uploads\/2025\/01\/threema-20241219-163800261.jpg 1024w, https:\/\/asg-ulm.de\/wp-content\/uploads\/2025\/01\/threema-20241219-163800261-300x169.jpg 300w, https:\/\/asg-ulm.de\/wp-content\/uploads\/2025\/01\/threema-20241219-163800261-768x432.jpg 768w\" sizes=\"(max-width: 1024px) 100vw, 1024px\" \/><\/a><\/div><div class=\"o-posts-grid-post-body\"><h3 class=\"o-posts-grid-post-title\"><a href=\"https:\/\/asg-ulm.de\/index.php\/2025\/01\/09\/weihnachtswuensche\/\">WEihnachtsw\u00fcnsche<\/a><\/h3><div class=\"o-posts-grid-post-description\"><p>Danke an die Mitarbeiter und Mitarbeiterinnen der Firma Hensoldt, die auch bed\u00fcrftigen Sch\u00fclern und \u2026<\/p><\/div><\/div><\/div><\/div><div class=\"o-posts-grid-post-blog o-posts-grid-post-plain\"><div class=\"o-posts-grid-post\"><div class=\"o-posts-grid-post-image\"><a href=\"https:\/\/asg-ulm.de\/index.php\/2024\/07\/16\/abschluss-2024\/\"><img loading=\"lazy\" decoding=\"async\" width=\"2560\" height=\"1428\" src=\"https:\/\/asg-ulm.de\/wp-content\/uploads\/2024\/07\/Abschluss-2024-scaled.jpg\" class=\"attachment-full size-full\" alt=\"Abschluss 2024\" srcset=\"https:\/\/asg-ulm.de\/wp-content\/uploads\/2024\/07\/Abschluss-2024-scaled.jpg 2560w, https:\/\/asg-ulm.de\/wp-content\/uploads\/2024\/07\/Abschluss-2024-300x167.jpg 300w, https:\/\/asg-ulm.de\/wp-content\/uploads\/2024\/07\/Abschluss-2024-1024x571.jpg 1024w, https:\/\/asg-ulm.de\/wp-content\/uploads\/2024\/07\/Abschluss-2024-768x428.jpg 768w, https:\/\/asg-ulm.de\/wp-content\/uploads\/2024\/07\/Abschluss-2024-1536x857.jpg 1536w, https:\/\/asg-ulm.de\/wp-content\/uploads\/2024\/07\/Abschluss-2024-2048x1142.jpg 2048w\" sizes=\"(max-width: 2560px) 100vw, 2560px\" \/><\/a><\/div><div class=\"o-posts-grid-post-body\"><h3 class=\"o-posts-grid-post-title\"><a href=\"https:\/\/asg-ulm.de\/index.php\/2024\/07\/16\/abschluss-2024\/\">Abschluss 2024<\/a><\/h3><div class=\"o-posts-grid-post-description\"><p>Wir gratulieren unseren Absolventinnen und Absolventen zu ihrem Abschluss!<\/p><\/div><\/div><\/div><\/div><div class=\"o-posts-grid-post-blog o-posts-grid-post-plain\"><div class=\"o-posts-grid-post\"><div class=\"o-posts-grid-post-image\"><a href=\"https:\/\/asg-ulm.de\/index.php\/2024\/04\/21\/der-osterhase-war-da\/\"><img loading=\"lazy\" decoding=\"async\" width=\"768\" height=\"1024\" src=\"https:\/\/asg-ulm.de\/wp-content\/uploads\/2024\/04\/threema-20240322-171436610.jpg\" class=\"attachment-full size-full\" alt=\"Der Osterhase war da\" srcset=\"https:\/\/asg-ulm.de\/wp-content\/uploads\/2024\/04\/threema-20240322-171436610.jpg 768w, https:\/\/asg-ulm.de\/wp-content\/uploads\/2024\/04\/threema-20240322-171436610-225x300.jpg 225w\" sizes=\"(max-width: 768px) 100vw, 768px\" \/><\/a><\/div><div class=\"o-posts-grid-post-body\"><h3 class=\"o-posts-grid-post-title\"><a href=\"https:\/\/asg-ulm.de\/index.php\/2024\/04\/21\/der-osterhase-war-da\/\">Der Osterhase war da<\/a><\/h3><div class=\"o-posts-grid-post-description\"><p>Auch in diesem Jahr war wieder der Osterhase an der Adalbert-Stifter-Gemeinschaftsschule und beschen\u2026<\/p><\/div><\/div><\/div><\/div><div class=\"o-posts-grid-post-blog o-posts-grid-post-plain\"><div class=\"o-posts-grid-post\"><div class=\"o-posts-grid-post-image\"><a href=\"https:\/\/asg-ulm.de\/index.php\/2024\/03\/19\/chemie-workshop-mit-der-10-klasse-an-der-uni-ulm\/\"><img loading=\"lazy\" decoding=\"async\" width=\"2016\" height=\"1512\" src=\"https:\/\/asg-ulm.de\/wp-content\/uploads\/2024\/03\/IMG_4131-1.jpg\" class=\"attachment-full size-full\" alt=\"Chemie Workshop mit der 10. Klasse an der Uni Ulm\" srcset=\"https:\/\/asg-ulm.de\/wp-content\/uploads\/2024\/03\/IMG_4131-1.jpg 2016w, https:\/\/asg-ulm.de\/wp-content\/uploads\/2024\/03\/IMG_4131-1-300x225.jpg 300w, https:\/\/asg-ulm.de\/wp-content\/uploads\/2024\/03\/IMG_4131-1-1024x768.jpg 1024w, https:\/\/asg-ulm.de\/wp-content\/uploads\/2024\/03\/IMG_4131-1-768x576.jpg 768w, https:\/\/asg-ulm.de\/wp-content\/uploads\/2024\/03\/IMG_4131-1-1536x1152.jpg 1536w\" sizes=\"(max-width: 2016px) 100vw, 2016px\" \/><\/a><\/div><div class=\"o-posts-grid-post-body\"><h3 class=\"o-posts-grid-post-title\"><a href=\"https:\/\/asg-ulm.de\/index.php\/2024\/03\/19\/chemie-workshop-mit-der-10-klasse-an-der-uni-ulm\/\">Chemie Workshop mit der 10. Klasse an der Uni Ulm<\/a><\/h3><div class=\"o-posts-grid-post-description\"><p>Chemie Workshop mit der 10. Klasse an der Uni Ulm \u201eTauche ein in die Welt der Chemie\u201c hie\u00df es f\u00fcr be\u2026<\/p><\/div><\/div><\/div><\/div><div class=\"o-posts-grid-post-blog o-posts-grid-post-plain\"><div class=\"o-posts-grid-post\"><div class=\"o-posts-grid-post-image\"><a href=\"https:\/\/asg-ulm.de\/index.php\/2024\/02\/23\/startschuss-der-schulsanitaeter\/\"><img loading=\"lazy\" decoding=\"async\" width=\"2560\" height=\"1152\" src=\"https:\/\/asg-ulm.de\/wp-content\/uploads\/2024\/02\/1708620195847-scaled.jpg\" class=\"attachment-full size-full\" alt=\"Startschuss der Schulsanit\u00e4ter\" srcset=\"https:\/\/asg-ulm.de\/wp-content\/uploads\/2024\/02\/1708620195847-scaled.jpg 2560w, https:\/\/asg-ulm.de\/wp-content\/uploads\/2024\/02\/1708620195847-300x135.jpg 300w, https:\/\/asg-ulm.de\/wp-content\/uploads\/2024\/02\/1708620195847-1024x461.jpg 1024w, https:\/\/asg-ulm.de\/wp-content\/uploads\/2024\/02\/1708620195847-768x346.jpg 768w, https:\/\/asg-ulm.de\/wp-content\/uploads\/2024\/02\/1708620195847-1536x691.jpg 1536w, https:\/\/asg-ulm.de\/wp-content\/uploads\/2024\/02\/1708620195847-2048x922.jpg 2048w\" sizes=\"(max-width: 2560px) 100vw, 2560px\" \/><\/a><\/div><div class=\"o-posts-grid-post-body\"><h3 class=\"o-posts-grid-post-title\"><a href=\"https:\/\/asg-ulm.de\/index.php\/2024\/02\/23\/startschuss-der-schulsanitaeter\/\">Startschuss der Schulsanit\u00e4ter<\/a><\/h3><div class=\"o-posts-grid-post-description\"><p>Startschuss der Schulsanit\u00e4ter 15 Sch\u00fclerinnen und Sch\u00fcler der Sekundarstufe wurden gestern am erste\u2026<\/p><\/div><\/div><\/div><\/div><div class=\"o-posts-grid-post-blog o-posts-grid-post-plain\"><div class=\"o-posts-grid-post\"><div class=\"o-posts-grid-post-image\"><a href=\"https:\/\/asg-ulm.de\/index.php\/2023\/12\/15\/auf-in-den-sherwood-forest\/\"><img loading=\"lazy\" decoding=\"async\" width=\"2560\" height=\"1920\" src=\"https:\/\/asg-ulm.de\/wp-content\/uploads\/2023\/12\/20231214_105749-scaled.jpg\" class=\"attachment-full size-full\" alt=\"Auf in den Sherwood forest!\" srcset=\"https:\/\/asg-ulm.de\/wp-content\/uploads\/2023\/12\/20231214_105749-scaled.jpg 2560w, https:\/\/asg-ulm.de\/wp-content\/uploads\/2023\/12\/20231214_105749-300x225.jpg 300w, https:\/\/asg-ulm.de\/wp-content\/uploads\/2023\/12\/20231214_105749-1024x768.jpg 1024w, https:\/\/asg-ulm.de\/wp-content\/uploads\/2023\/12\/20231214_105749-768x576.jpg 768w, https:\/\/asg-ulm.de\/wp-content\/uploads\/2023\/12\/20231214_105749-1536x1152.jpg 1536w, https:\/\/asg-ulm.de\/wp-content\/uploads\/2023\/12\/20231214_105749-2048x1536.jpg 2048w\" sizes=\"(max-width: 2560px) 100vw, 2560px\" \/><\/a><\/div><div class=\"o-posts-grid-post-body\"><h3 class=\"o-posts-grid-post-title\"><a href=\"https:\/\/asg-ulm.de\/index.php\/2023\/12\/15\/auf-in-den-sherwood-forest\/\">Auf in den Sherwood forest!<\/a><\/h3><div class=\"o-posts-grid-post-description\"><p>Wie jedes Jahr in der Weinachtszeit besuchte die gesamte Grundschule wieder gemeinsam ein Theaterst\u00fc\u2026<\/p><\/div><\/div><\/div><\/div><div class=\"o-posts-grid-post-blog o-posts-grid-post-plain\"><div class=\"o-posts-grid-post\"><div class=\"o-posts-grid-post-image\"><a href=\"https:\/\/asg-ulm.de\/index.php\/2023\/12\/10\/handball-aktionstag\/\"><img loading=\"lazy\" decoding=\"async\" width=\"2560\" height=\"1920\" src=\"https:\/\/asg-ulm.de\/wp-content\/uploads\/2023\/12\/20231208_1038200-scaled.jpg\" class=\"attachment-full size-full\" alt=\"Handball-Aktionstag\" srcset=\"https:\/\/asg-ulm.de\/wp-content\/uploads\/2023\/12\/20231208_1038200-scaled.jpg 2560w, https:\/\/asg-ulm.de\/wp-content\/uploads\/2023\/12\/20231208_1038200-300x225.jpg 300w, https:\/\/asg-ulm.de\/wp-content\/uploads\/2023\/12\/20231208_1038200-1024x768.jpg 1024w, https:\/\/asg-ulm.de\/wp-content\/uploads\/2023\/12\/20231208_1038200-768x576.jpg 768w, https:\/\/asg-ulm.de\/wp-content\/uploads\/2023\/12\/20231208_1038200-1536x1152.jpg 1536w, https:\/\/asg-ulm.de\/wp-content\/uploads\/2023\/12\/20231208_1038200-2048x1536.jpg 2048w\" sizes=\"(max-width: 2560px) 100vw, 2560px\" \/><\/a><\/div><div class=\"o-posts-grid-post-body\"><h3 class=\"o-posts-grid-post-title\"><a href=\"https:\/\/asg-ulm.de\/index.php\/2023\/12\/10\/handball-aktionstag\/\">Handball-Aktionstag<\/a><\/h3><div class=\"o-posts-grid-post-description\"><p>Wir hatten Besuch des TSV Blaustein Handball zu Gast an unsere Schule und alle Klassen durften mit d\u2026<\/p><\/div><\/div><\/div><\/div><div class=\"o-posts-grid-post-blog o-posts-grid-post-plain\"><div class=\"o-posts-grid-post\"><div class=\"o-posts-grid-post-image\"><a href=\"https:\/\/asg-ulm.de\/index.php\/2023\/12\/10\/nikolausfeier-der-grundschule\/\"><img loading=\"lazy\" decoding=\"async\" width=\"1920\" height=\"2560\" src=\"https:\/\/asg-ulm.de\/wp-content\/uploads\/2023\/12\/20231206_101614-scaled.jpg\" class=\"attachment-full size-full\" alt=\"Nikolausfeier der Grundschule\" srcset=\"https:\/\/asg-ulm.de\/wp-content\/uploads\/2023\/12\/20231206_101614-scaled.jpg 1920w, https:\/\/asg-ulm.de\/wp-content\/uploads\/2023\/12\/20231206_101614-225x300.jpg 225w, https:\/\/asg-ulm.de\/wp-content\/uploads\/2023\/12\/20231206_101614-768x1024.jpg 768w, https:\/\/asg-ulm.de\/wp-content\/uploads\/2023\/12\/20231206_101614-1152x1536.jpg 1152w, https:\/\/asg-ulm.de\/wp-content\/uploads\/2023\/12\/20231206_101614-1536x2048.jpg 1536w\" sizes=\"(max-width: 1920px) 100vw, 1920px\" \/><\/a><\/div><div class=\"o-posts-grid-post-body\"><h3 class=\"o-posts-grid-post-title\"><a href=\"https:\/\/asg-ulm.de\/index.php\/2023\/12\/10\/nikolausfeier-der-grundschule\/\">Nikolausfeier der Grundschule<\/a><\/h3><div class=\"o-posts-grid-post-description\"><p>Alle Jahre wieder besuchte der Nikolaus unsere Schule, erwartet von leuchtenden Kinderaugen und begr\u2026<\/p><\/div><\/div><\/div><\/div><div class=\"o-posts-grid-post-blog o-posts-grid-post-plain\"><div class=\"o-posts-grid-post\"><div class=\"o-posts-grid-post-image\"><a href=\"https:\/\/asg-ulm.de\/index.php\/2023\/12\/10\/smv-adventsmarkt\/\"><img loading=\"lazy\" decoding=\"async\" width=\"1920\" height=\"2560\" src=\"https:\/\/asg-ulm.de\/wp-content\/uploads\/2023\/12\/20231128_163149-scaled.jpg\" class=\"attachment-full size-full\" alt=\"SMV-Adventsmarkt\" srcset=\"https:\/\/asg-ulm.de\/wp-content\/uploads\/2023\/12\/20231128_163149-scaled.jpg 1920w, https:\/\/asg-ulm.de\/wp-content\/uploads\/2023\/12\/20231128_163149-225x300.jpg 225w, https:\/\/asg-ulm.de\/wp-content\/uploads\/2023\/12\/20231128_163149-768x1024.jpg 768w, https:\/\/asg-ulm.de\/wp-content\/uploads\/2023\/12\/20231128_163149-1152x1536.jpg 1152w, https:\/\/asg-ulm.de\/wp-content\/uploads\/2023\/12\/20231128_163149-1536x2048.jpg 1536w\" sizes=\"(max-width: 1920px) 100vw, 1920px\" \/><\/a><\/div><div class=\"o-posts-grid-post-body\"><h3 class=\"o-posts-grid-post-title\"><a href=\"https:\/\/asg-ulm.de\/index.php\/2023\/12\/10\/smv-adventsmarkt\/\">SMV-Adventsmarkt<\/a><\/h3><div class=\"o-posts-grid-post-description\"><p>Auch in diesem Jahr fand an der Adalbert Stifter Gemeinschaftsschule wieder unser traditioneller Adv\u2026<\/p><\/div><\/div><\/div><\/div><\/div> <\/div>","protected":false},"excerpt":{"rendered":"","protected":false},"author":2,"featured_media":0,"parent":566,"menu_order":0,"comment_status":"closed","ping_status":"closed","template":"","meta":{"site-sidebar-layout":"default","site-content-layout":"","ast-site-content-layout":"default","site-content-style":"default","site-sidebar-style":"default","ast-global-header-display":"","ast-banner-title-visibility":"","ast-main-header-display":"","ast-hfb-above-header-display":"","ast-hfb-below-header-display":"","ast-hfb-mobile-header-display":"","site-post-title":"","ast-breadcrumbs-content":"","ast-featured-img":"","footer-sml-layout":"","ast-disable-related-posts":"","theme-transparent-header-meta":"","adv-header-id-meta":"","stick-header-meta":"","header-above-stick-meta":"","header-main-stick-meta":"","header-below-stick-meta":"","astra-migrate-meta-layouts":"default","ast-page-background-enabled":"default","ast-page-background-meta":{"desktop":{"background-color":"var(--ast-global-color-4)","background-image":"","background-repeat":"repeat","background-position":"center center","background-size":"auto","background-attachment":"scroll","background-type":"","background-media":"","overlay-type":"","overlay-color":"","overlay-opacity":"","overlay-gradient":""},"tablet":{"background-color":"","background-image":"","background-repeat":"repeat","background-position":"center center","background-size":"auto","background-attachment":"scroll","background-type":"","background-media":"","overlay-type":"","overlay-color":"","overlay-opacity":"","overlay-gradient":""},"mobile":{"background-color":"","background-image":"","background-repeat":"repeat","background-position":"center center","background-size":"auto","background-attachment":"scroll","background-type":"","background-media":"","overlay-type":"","overlay-color":"","overlay-opacity":"","overlay-gradient":""}},"ast-content-background-meta":{"desktop":{"background-color":"var(--ast-global-color-5)","background-image":"","background-repeat":"repeat","background-position":"center center","background-size":"auto","background-attachment":"scroll","background-type":"","background-media":"","overlay-type":"","overlay-color":"","overlay-opacity":"","overlay-gradient":""},"tablet":{"background-color":"var(--ast-global-color-5)","background-image":"","background-repeat":"repeat","background-position":"center center","background-size":"auto","background-attachment":"scroll","background-type":"","background-media":"","overlay-type":"","overlay-color":"","overlay-opacity":"","overlay-gradient":""},"mobile":{"background-color":"var(--ast-global-color-5)","background-image":"","background-repeat":"repeat","background-position":"center center","background-size":"auto","background-attachment":"scroll","background-type":"","background-media":"","overlay-type":"","overlay-color":"","overlay-opacity":"","overlay-gradient":""}},"_themeisle_gutenberg_block_has_review":false,"_mc_calendar":[],"footnotes":""},"class_list":["post-603","page","type-page","status-publish","hentry"],"_links":{"self":[{"href":"https:\/\/asg-ulm.de\/index.php\/wp-json\/wp\/v2\/pages\/603","targetHints":{"allow":["GET"]}}],"collection":[{"href":"https:\/\/asg-ulm.de\/index.php\/wp-json\/wp\/v2\/pages"}],"about":[{"href":"https:\/\/asg-ulm.de\/index.php\/wp-json\/wp\/v2\/types\/page"}],"author":[{"embeddable":true,"href":"https:\/\/asg-ulm.de\/index.php\/wp-json\/wp\/v2\/users\/2"}],"replies":[{"embeddable":true,"href":"https:\/\/asg-ulm.de\/index.php\/wp-json\/wp\/v2\/comments?post=603"}],"version-history":[{"count":13,"href":"https:\/\/asg-ulm.de\/index.php\/wp-json\/wp\/v2\/pages\/603\/revisions"}],"predecessor-version":[{"id":2015,"href":"https:\/\/asg-ulm.de\/index.php\/wp-json\/wp\/v2\/pages\/603\/revisions\/2015"}],"up":[{"embeddable":true,"href":"https:\/\/asg-ulm.de\/index.php\/wp-json\/wp\/v2\/pages\/566"}],"wp:attachment":[{"href":"https:\/\/asg-ulm.de\/index.php\/wp-json\/wp\/v2\/media?parent=603"}],"curies":[{"name":"wp","href":"https:\/\/api.w.org\/{rel}","templated":true}]}}