{"id":342,"date":"2023-06-12T09:14:51","date_gmt":"2023-06-12T09:14:51","guid":{"rendered":"https:\/\/staging.ass.ulm.schule\/?page_id=342"},"modified":"2026-01-06T19:03:55","modified_gmt":"2026-01-06T19:03:55","slug":"foerderverein","status":"publish","type":"page","link":"https:\/\/asg-ulm.de\/index.php\/foerderverein\/","title":{"rendered":"F\u00f6rderverein"},"content":{"rendered":"\n<h4 class=\"wp-block-heading\">f\u00f6rderverein<\/h4>\n\n\n\n<p><strong>Der Lebensraum Schule ist nur so gut wie wir ihn fordern und f\u00f6rdern!<\/strong><\/p>\n\n\n\n<p>Der F\u00f6rderverein der Adalbert-Stifter-Gemeinschaftsschule Ulm e.V. wurde 1995 gegr\u00fcndet. Ziel des Vereins ist eine lebendige, sch\u00f6ne und gesunde Schule. Deshalb unterst\u00fctzen wir viele Unterrichtsprojekte und Sch\u00fclerinnen und Sch\u00fcler der Adalbert-Stifter-Gemeinschaftsschule finanziell, ideell und materiell.<br>Gemeinsam k\u00f6nnen wir viel f\u00fcr unsere Schulkinder und den Lebensraum Schule erreichen!<\/p>\n\n\n\n<div style=\"height:46px\" aria-hidden=\"true\" class=\"wp-block-spacer\"><\/div>\n\n\n\n<div class=\"wp-block-columns is-layout-flex wp-container-core-columns-is-layout-28f84493 wp-block-columns-is-layout-flex\">\n<div class=\"wp-block-column is-layout-flow wp-block-column-is-layout-flow\">\n<p>Zum Jahresbeginn &#8211; Gr\u00fc\u00dfe vom F\u00f6rderverein<\/p>\n\n\n\n<p>Liebe Mitglieder, liebe Unterst\u00fctzerinnen und Unterst\u00fctzer,<br>der F\u00f6rderverein w\u00fcnscht Ihnen und Ihren Familien ein gesundes, gl\u00fcckliches und erfolgreiches neues Jahr 2026.<br>Wir danken Ihnen herzlich f\u00fcr Ihr Engagement und Ihre Unterst\u00fctzung und freuen uns auf ein weiteres gemeinsames Jahr voller Projekte und Ideen.<\/p>\n<\/div>\n\n\n\n<div class=\"wp-block-column is-layout-flow wp-block-column-is-layout-flow\">\n<p><strong>Vorstand:<\/strong><\/p>\n\n\n\n<p><strong>Claudia Fahrenschon<\/strong>, 1. Vorsitzende<\/p>\n\n\n\n<p><strong>Stephanie Scheffold<\/strong> (Schriftf\u00fchrerin)<\/p>\n\n\n\n<p><strong>Monika Muller<\/strong> (Kassiererin)<\/p>\n\n\n\n<p><strong><strong>Mohamed Abdellatif<\/strong>, <\/strong>2. Vorsitzender<\/p>\n<\/div>\n<\/div>\n\n\n\n<div class=\"wp-block-columns is-layout-flex wp-container-core-columns-is-layout-28f84493 wp-block-columns-is-layout-flex\">\n<div class=\"wp-block-column is-layout-flow wp-block-column-is-layout-flow\"><\/div>\n\n\n\n<div class=\"wp-block-column is-layout-flow wp-block-column-is-layout-flow\"><\/div>\n<\/div>\n\n\n\n<div style=\"height:40px\" aria-hidden=\"true\" class=\"wp-block-spacer\"><\/div>\n\n\n\n<div class=\"wp-block-columns is-layout-flex wp-container-core-columns-is-layout-28f84493 wp-block-columns-is-layout-flex\">\n<div class=\"wp-block-column is-layout-flow wp-block-column-is-layout-flow\">\n<p><strong>Kontakt:<\/strong><br>F\u00f6rderverein der Adalbert-Stifter-Gemeinschaftsschule Ulm e.V.<br>Rul\u00e4nderweg 1<br>89075 Ulm<br>Email: <a href=\"mailto:Foerderverein-ASG-Ulm@gmx.de\">Foerderverein-ASG-Ulm [AT] gmx.de<\/a><\/p>\n\n\n\n<p>Kontoverbindung: IBAN: DE98 6305 0000 0021 1994 95<\/p>\n\n\n\n<p><strong>Sprechen Sie uns an, wir freuen uns auf Ihre Ideen und Ihre Unterst\u00fctzung!<\/strong><\/p>\n<\/div>\n\n\n\n<div class=\"wp-block-column is-layout-flow wp-block-column-is-layout-flow\">\n<div class=\"wp-block-file\"><a id=\"wp-block-file--media-017b212c-dd05-4b75-a7ae-1aec34aa88d4\" href=\"https:\/\/asg-ulm.de\/wp-content\/uploads\/2023\/11\/Flyer-Foerderverein-DE-1.pdf\">Flyer F\u00f6rderverein deutsch<\/a><\/div>\n\n\n\n<div class=\"wp-block-file\"><a id=\"wp-block-file--media-95c84b09-6d92-4e5d-96f1-59f3bd6b8be4\" href=\"https:\/\/asg-ulm.de\/wp-content\/uploads\/2023\/11\/Flyer_Foerderverein_TR1-1.pdf\">Flyer F\u00f6rderverein t\u00fcrkisch<\/a><\/div>\n\n\n\n<div class=\"wp-block-file\"><a id=\"wp-block-file--media-86ab2121-04ad-4829-aa9e-86c55156bcf5\" href=\"https:\/\/asg-ulm.de\/wp-content\/uploads\/2023\/11\/Foerderverein-Arabisch.pdf\">Flyer F\u00f6rderverein arabisch<\/a><\/div>\n\n\n\n<div class=\"wp-block-file\"><a id=\"wp-block-file--media-cdeab2c5-3763-499b-a4c7-bd70b34f0beb\" href=\"https:\/\/asg-ulm.de\/wp-content\/uploads\/2023\/11\/Antrag_auf_Mitgliedschaft.pdf\">Antrag auf Mitgliedschaft<\/a><\/div>\n\n\n\n<div class=\"wp-block-file\"><a id=\"wp-block-file--media-11c11c9b-039f-4ae6-b71a-53dc15a5a463\" href=\"https:\/\/asg-ulm.de\/wp-content\/uploads\/2023\/11\/Satzung_FV.pdf\">Satzung des F\u00f6rdervereins<\/a><\/div>\n<\/div>\n<\/div>\n\n\n\n<div style=\"height:54px\" aria-hidden=\"true\" class=\"wp-block-spacer\"><\/div>\n\n\n\n<div class=\"wp-block-media-text has-media-on-the-right is-stacked-on-mobile is-vertically-aligned-top\" style=\"grid-template-columns:auto 47%\"><div class=\"wp-block-media-text__content\">\n<p><\/p>\n\n\n\n<p>Mitglied im F\u00f6rderverein kann jeder werden, der unsere Arbeit unterst\u00fctzen m\u00f6chte. Sie m\u00fcssen kein Kind an der Schule haben.<br>Der Migliedsbeitrag betr\u00e4gt 12,- Euro j\u00e4hrlich und wird per Lastschriftverfahren abgebucht. Die K\u00fcndigung der Mitgliedschaft ist jederzeit schriftlich ohne Angabe von Gr\u00fcnden m\u00f6glich. Spenden und Mitgliedsbeitr\u00e4ge sind steuerbeg\u00fcnstigt. Bis 100\u20ac gilt der Kontoauszug als Bescheinigung. F\u00fcr dar\u00fcber hinaus gehende Betr\u00e4ge stellt der Verein Spendenbescheinigungen aus.<\/p>\n\n\n\n<p><strong>Sie m\u00f6chten Mitglied im F\u00f6rderverein der Adalbert-Stifter-Gemeinschaftsschule e.V. werden?<\/strong><\/p>\n\n\n\n<p><strong>Sie m\u00f6chten als Privatperson oder Unternehmen die Arbeit des F\u00f6rderveins mit einer Spende unterst\u00fctzen?<\/strong><\/p>\n\n\n\n<p>Bitte f\u00fcllen Sie unseren Antrag auf Mitgliedschaft \/ Spende aus und schicken ihn, gerne auch per EMail, an den<\/p>\n\n\n\n<p>F\u00f6rderverein der Adalbert-Stifter-Gemeinschaftsschule e.V.<br>Rul\u00e4nderweg 1<br>89075 Ulm<\/p>\n\n\n\n<p>&nbsp;&nbsp;&nbsp;&nbsp;&nbsp;&nbsp; Foerderverein-ASG-Ulm[at]gmx.de<\/p>\n\n\n\n<p>Sie k\u00f6nnen den Antrag auch direkt in der Schule im Sekretariat abgeben.<\/p>\n\n\n\n<p>Die Bankverbindung des F\u00f6rdervereins lautet: DE98 6305 0000 0021 1994 95<\/p>\n\n\n\n<h4 class=\"wp-block-heading\">Datenschutzerkl\u00e4rung<\/h4>\n\n\n\n<p><strong>Einwilligungsverfahren:<\/strong><br>Von unseren Mitgliedern ben\u00f6tigen wir zur Verwaltung Ihren Namen, Ihre Anschrift und Ihre Bankverbindung.<br><strong>Verwendung der Daten:<\/strong><br>Ihre Daten werden einzig und allein zur Mitgliederverwaltung gespeichert und verwendet. Eine andere Verarbeitung oder Weitergabe an Dritte erfolgt nicht.<br><strong>Widerrufsrecht:<\/strong><br>Sie k\u00f6nnen die Einwilligung zur Speicherung der Daten jederzeit widerrufen. Alle Ihre Daten werden dann gel\u00f6scht.<\/p>\n<\/div><figure class=\"wp-block-media-text__media\"><a href=\"https:\/\/asg-ulm.de\/wp-content\/uploads\/2023\/11\/Flyer-Foerderverein-DE-001-1.jpg\"><img loading=\"lazy\" decoding=\"async\" width=\"1024\" height=\"730\" src=\"https:\/\/asg-ulm.de\/wp-content\/uploads\/2023\/11\/Flyer-Foerderverein-DE-001-1-1024x730.jpg\" alt=\"\" class=\"wp-image-1754 size-full\" srcset=\"https:\/\/asg-ulm.de\/wp-content\/uploads\/2023\/11\/Flyer-Foerderverein-DE-001-1-1024x730.jpg 1024w, https:\/\/asg-ulm.de\/wp-content\/uploads\/2023\/11\/Flyer-Foerderverein-DE-001-1-300x214.jpg 300w, https:\/\/asg-ulm.de\/wp-content\/uploads\/2023\/11\/Flyer-Foerderverein-DE-001-1-768x548.jpg 768w, https:\/\/asg-ulm.de\/wp-content\/uploads\/2023\/11\/Flyer-Foerderverein-DE-001-1-1536x1095.jpg 1536w, https:\/\/asg-ulm.de\/wp-content\/uploads\/2023\/11\/Flyer-Foerderverein-DE-001-1.jpg 1718w\" sizes=\"auto, (max-width: 1024px) 100vw, 1024px\" \/><\/a><\/figure><\/div>\n","protected":false},"excerpt":{"rendered":"<p>f\u00f6rderverein Der Lebensraum Schule ist nur so gut wie wir ihn fordern und f\u00f6rdern! Der F\u00f6rderverein der Adalbert-Stifter-Gemeinschaftsschule Ulm e.V. wurde 1995 gegr\u00fcndet. Ziel des Vereins ist eine lebendige, sch\u00f6ne und gesunde Schule. Deshalb unterst\u00fctzen wir viele Unterrichtsprojekte und Sch\u00fclerinnen und Sch\u00fcler der Adalbert-Stifter-Gemeinschaftsschule finanziell, ideell und materiell.Gemeinsam k\u00f6nnen wir viel f\u00fcr unsere Schulkinder und [&hellip;]<\/p>\n","protected":false},"author":2,"featured_media":0,"parent":0,"menu_order":0,"comment_status":"closed","ping_status":"closed","template":"","meta":{"site-sidebar-layout":"default","site-content-layout":"","ast-site-content-layout":"default","site-content-style":"default","site-sidebar-style":"default","ast-global-header-display":"","ast-banner-title-visibility":"","ast-main-header-display":"","ast-hfb-above-header-display":"","ast-hfb-below-header-display":"","ast-hfb-mobile-header-display":"","site-post-title":"","ast-breadcrumbs-content":"","ast-featured-img":"","footer-sml-layout":"","ast-disable-related-posts":"","theme-transparent-header-meta":"","adv-header-id-meta":"","stick-header-meta":"","header-above-stick-meta":"","header-main-stick-meta":"","header-below-stick-meta":"","astra-migrate-meta-layouts":"set","ast-page-background-enabled":"default","ast-page-background-meta":{"desktop":{"background-color":"var(--ast-global-color-4)","background-image":"","background-repeat":"repeat","background-position":"center center","background-size":"auto","background-attachment":"scroll","background-type":"","background-media":"","overlay-type":"","overlay-color":"","overlay-opacity":"","overlay-gradient":""},"tablet":{"background-color":"","background-image":"","background-repeat":"repeat","background-position":"center center","background-size":"auto","background-attachment":"scroll","background-type":"","background-media":"","overlay-type":"","overlay-color":"","overlay-opacity":"","overlay-gradient":""},"mobile":{"background-color":"","background-image":"","background-repeat":"repeat","background-position":"center center","background-size":"auto","background-attachment":"scroll","background-type":"","background-media":"","overlay-type":"","overlay-color":"","overlay-opacity":"","overlay-gradient":""}},"ast-content-background-meta":{"desktop":{"background-color":"var(--ast-global-color-5)","background-image":"","background-repeat":"repeat","background-position":"center center","background-size":"auto","background-attachment":"scroll","background-type":"","background-media":"","overlay-type":"","overlay-color":"","overlay-opacity":"","overlay-gradient":""},"tablet":{"background-color":"var(--ast-global-color-5)","background-image":"","background-repeat":"repeat","background-position":"center center","background-size":"auto","background-attachment":"scroll","background-type":"","background-media":"","overlay-type":"","overlay-color":"","overlay-opacity":"","overlay-gradient":""},"mobile":{"background-color":"var(--ast-global-color-5)","background-image":"","background-repeat":"repeat","background-position":"center center","background-size":"auto","background-attachment":"scroll","background-type":"","background-media":"","overlay-type":"","overlay-color":"","overlay-opacity":"","overlay-gradient":""}},"_themeisle_gutenberg_block_has_review":false,"_mc_calendar":[],"footnotes":""},"class_list":["post-342","page","type-page","status-publish","hentry"],"_links":{"self":[{"href":"https:\/\/asg-ulm.de\/index.php\/wp-json\/wp\/v2\/pages\/342","targetHints":{"allow":["GET"]}}],"collection":[{"href":"https:\/\/asg-ulm.de\/index.php\/wp-json\/wp\/v2\/pages"}],"about":[{"href":"https:\/\/asg-ulm.de\/index.php\/wp-json\/wp\/v2\/types\/page"}],"author":[{"embeddable":true,"href":"https:\/\/asg-ulm.de\/index.php\/wp-json\/wp\/v2\/users\/2"}],"replies":[{"embeddable":true,"href":"https:\/\/asg-ulm.de\/index.php\/wp-json\/wp\/v2\/comments?post=342"}],"version-history":[{"count":17,"href":"https:\/\/asg-ulm.de\/index.php\/wp-json\/wp\/v2\/pages\/342\/revisions"}],"predecessor-version":[{"id":2872,"href":"https:\/\/asg-ulm.de\/index.php\/wp-json\/wp\/v2\/pages\/342\/revisions\/2872"}],"wp:attachment":[{"href":"https:\/\/asg-ulm.de\/index.php\/wp-json\/wp\/v2\/media?parent=342"}],"curies":[{"name":"wp","href":"https:\/\/api.w.org\/{rel}","templated":true}]}}