{"id":336,"date":"2023-06-12T09:14:08","date_gmt":"2023-06-12T09:14:08","guid":{"rendered":"https:\/\/staging.ass.ulm.schule\/?page_id=336"},"modified":"2025-10-08T08:45:37","modified_gmt":"2025-10-08T08:45:37","slug":"schulsozialarbeit","status":"publish","type":"page","link":"https:\/\/asg-ulm.de\/index.php\/schulsozialarbeit\/","title":{"rendered":"Schulsozialarbeit"},"content":{"rendered":"\n<h4 class=\"wp-block-heading\">Schulsozialarbeit<\/h4>\n\n\n\n<div class=\"inherit-container-width wp-block-group alignwide is-layout-constrained wp-block-group-is-layout-constrained\">\n<div class=\"wp-block-media-text alignwide is-stacked-on-mobile\" style=\"grid-template-columns:21% auto\"><figure class=\"wp-block-media-text__media\"><a href=\"https:\/\/asg-ulm.de\/wp-content\/uploads\/2023\/11\/Julia-Heim.jpg\"><img loading=\"lazy\" decoding=\"async\" width=\"806\" height=\"1000\" src=\"https:\/\/asg-ulm.de\/wp-content\/uploads\/2023\/11\/Julia-Heim.jpg\" alt=\"\" class=\"wp-image-1621 size-full\" srcset=\"https:\/\/asg-ulm.de\/wp-content\/uploads\/2023\/11\/Julia-Heim.jpg 806w, https:\/\/asg-ulm.de\/wp-content\/uploads\/2023\/11\/Julia-Heim-242x300.jpg 242w, https:\/\/asg-ulm.de\/wp-content\/uploads\/2023\/11\/Julia-Heim-768x953.jpg 768w\" sizes=\"auto, (max-width: 806px) 100vw, 806px\" \/><\/a><\/figure><div class=\"wp-block-media-text__content\">\n<h2 class=\"wp-block-heading\">Julia Heim<\/h2>\n\n\n\n<p>Diplomsozialp\u00e4dagogin\/-sozialarbeiterin (FH)<\/p>\n\n\n\n<p>Telefon: 0731 161-2975<\/p>\n\n\n\n<p>Email:&nbsp;<a href=\"mailto:julia.heim@awo-ulm.de\">julia.heim@awo-ulm.de<\/a><\/p>\n<\/div><\/div>\n<\/div>\n\n\n\n<div class=\"inherit-container-width wp-block-group alignwide is-layout-constrained wp-block-group-is-layout-constrained\">\n<div class=\"wp-block-media-text alignwide has-media-on-the-right is-stacked-on-mobile\" style=\"grid-template-columns:auto 20%\"><div class=\"wp-block-media-text__content\">\n<h2 class=\"wp-block-heading has-text-align-right\">Jesica Guagliardi<\/h2>\n\n\n\n<p class=\"has-text-align-right\">Diplomsozialp\u00e4dagogin\/-sozialarbeiterin (FH)<\/p>\n\n\n\n<p class=\"has-text-align-right\">Telefon:\u00a00731 161-2957<\/p>\n\n\n\n<p class=\"has-text-align-right\">Mobil: 0151-27172510<\/p>\n\n\n\n<p class=\"has-text-align-right\">Email:&nbsp;<a href=\"mailto:jesica.guagliardi@awo-ulm.de\">jesica.guagliardi@awo-ulm.de<\/a><\/p>\n<\/div><figure class=\"wp-block-media-text__media\"><a href=\"https:\/\/asg-ulm.de\/wp-content\/uploads\/2023\/11\/Jesica-G.jpg\"><img loading=\"lazy\" decoding=\"async\" width=\"773\" height=\"1000\" src=\"https:\/\/asg-ulm.de\/wp-content\/uploads\/2023\/11\/Jesica-G.jpg\" alt=\"\" class=\"wp-image-1622 size-full\" srcset=\"https:\/\/asg-ulm.de\/wp-content\/uploads\/2023\/11\/Jesica-G.jpg 773w, https:\/\/asg-ulm.de\/wp-content\/uploads\/2023\/11\/Jesica-G-232x300.jpg 232w, https:\/\/asg-ulm.de\/wp-content\/uploads\/2023\/11\/Jesica-G-768x994.jpg 768w\" sizes=\"auto, (max-width: 773px) 100vw, 773px\" \/><\/a><\/figure><\/div>\n<\/div>\n\n\n\n<div style=\"height:33px\" aria-hidden=\"true\" class=\"wp-block-spacer\"><\/div>\n\n\n\n<p><strong>Arbeitsschwerpunkte und Angebote:<\/strong><\/p>\n\n\n\n<ul class=\"wp-block-list\">\n<li>Kooperation mit au\u00dferschulischen Partnern<\/li>\n\n\n\n<li>Ansprechpartner f\u00fcr Sch\u00fclerinnen und Sch\u00fcler, Lehrerinnen und Lehrer sowie Eltern und Familien<\/li>\n\n\n\n<li>Beratung bei Konflikten, Schulschwierigkeiten, Erziehungsfragen und anderen Lebensfragen<\/li>\n\n\n\n<li>Unterst\u00fctzung von Klassengemeinschaften<\/li>\n\n\n\n<li>Unterst\u00fctzung von Integrationsprozessen<\/li>\n\n\n\n<li>verschiedene Pr\u00e4ventionsangebote und Projekte<\/li>\n<\/ul>\n\n\n\n<div style=\"height:23px\" aria-hidden=\"true\" class=\"wp-block-spacer\"><\/div>\n\n\n\n<p><strong>Gerne stehen wir Ihnen f\u00fcr Ihre Fragen und Anliegen pers\u00f6nlich, telefonisch und auch per E-Mail zur Verf\u00fcgung.<\/strong><\/p>\n\n\n\n<p><strong>Wir freuen uns auf eine gute Zusammenarbeit!<\/strong><\/p>\n\n\n\n<div id=\"wp-block-themeisle-blocks-advanced-columns-e68e8bb4\" class=\"wp-block-themeisle-blocks-advanced-columns has-1-columns has-desktop-equal-layout has-tablet-equal-layout has-mobile-collapsedRows-layout has-vertical-unset\"><div class=\"wp-block-themeisle-blocks-advanced-columns-overlay\"><\/div><div class=\"innerblocks-wrap\">\n<div id=\"wp-block-themeisle-blocks-advanced-column-1a1b1344\" class=\"wp-block-themeisle-blocks-advanced-column\"><\/div>\n<\/div><\/div>\n","protected":false},"excerpt":{"rendered":"<p>Schulsozialarbeit Julia Heim Diplomsozialp\u00e4dagogin\/-sozialarbeiterin (FH) Telefon: 0731 161-2975 Email:&nbsp;julia.heim@awo-ulm.de Jesica Guagliardi Diplomsozialp\u00e4dagogin\/-sozialarbeiterin (FH) Telefon:\u00a00731 161-2957 Mobil: 0151-27172510 Email:&nbsp;jesica.guagliardi@awo-ulm.de Arbeitsschwerpunkte und Angebote: Gerne stehen wir Ihnen f\u00fcr Ihre Fragen und Anliegen pers\u00f6nlich, telefonisch und auch per E-Mail zur Verf\u00fcgung. Wir freuen uns auf eine gute Zusammenarbeit!<\/p>\n","protected":false},"author":2,"featured_media":0,"parent":0,"menu_order":0,"comment_status":"closed","ping_status":"closed","template":"","meta":{"site-sidebar-layout":"default","site-content-layout":"","ast-site-content-layout":"default","site-content-style":"default","site-sidebar-style":"default","ast-global-header-display":"","ast-banner-title-visibility":"","ast-main-header-display":"","ast-hfb-above-header-display":"","ast-hfb-below-header-display":"","ast-hfb-mobile-header-display":"","site-post-title":"disabled","ast-breadcrumbs-content":"","ast-featured-img":"","footer-sml-layout":"","ast-disable-related-posts":"","theme-transparent-header-meta":"","adv-header-id-meta":"","stick-header-meta":"","header-above-stick-meta":"","header-main-stick-meta":"","header-below-stick-meta":"","astra-migrate-meta-layouts":"set","ast-page-background-enabled":"default","ast-page-background-meta":{"desktop":{"background-color":"var(--ast-global-color-4)","background-image":"","background-repeat":"repeat","background-position":"center center","background-size":"auto","background-attachment":"scroll","background-type":"","background-media":"","overlay-type":"","overlay-color":"","overlay-opacity":"","overlay-gradient":""},"tablet":{"background-color":"","background-image":"","background-repeat":"repeat","background-position":"center center","background-size":"auto","background-attachment":"scroll","background-type":"","background-media":"","overlay-type":"","overlay-color":"","overlay-opacity":"","overlay-gradient":""},"mobile":{"background-color":"","background-image":"","background-repeat":"repeat","background-position":"center center","background-size":"auto","background-attachment":"scroll","background-type":"","background-media":"","overlay-type":"","overlay-color":"","overlay-opacity":"","overlay-gradient":""}},"ast-content-background-meta":{"desktop":{"background-color":"var(--ast-global-color-5)","background-image":"","background-repeat":"repeat","background-position":"center center","background-size":"auto","background-attachment":"scroll","background-type":"","background-media":"","overlay-type":"","overlay-color":"","overlay-opacity":"","overlay-gradient":""},"tablet":{"background-color":"var(--ast-global-color-5)","background-image":"","background-repeat":"repeat","background-position":"center center","background-size":"auto","background-attachment":"scroll","background-type":"","background-media":"","overlay-type":"","overlay-color":"","overlay-opacity":"","overlay-gradient":""},"mobile":{"background-color":"var(--ast-global-color-5)","background-image":"","background-repeat":"repeat","background-position":"center center","background-size":"auto","background-attachment":"scroll","background-type":"","background-media":"","overlay-type":"","overlay-color":"","overlay-opacity":"","overlay-gradient":""}},"_themeisle_gutenberg_block_has_review":false,"_mc_calendar":[],"footnotes":""},"class_list":["post-336","page","type-page","status-publish","hentry"],"_links":{"self":[{"href":"https:\/\/asg-ulm.de\/index.php\/wp-json\/wp\/v2\/pages\/336","targetHints":{"allow":["GET"]}}],"collection":[{"href":"https:\/\/asg-ulm.de\/index.php\/wp-json\/wp\/v2\/pages"}],"about":[{"href":"https:\/\/asg-ulm.de\/index.php\/wp-json\/wp\/v2\/types\/page"}],"author":[{"embeddable":true,"href":"https:\/\/asg-ulm.de\/index.php\/wp-json\/wp\/v2\/users\/2"}],"replies":[{"embeddable":true,"href":"https:\/\/asg-ulm.de\/index.php\/wp-json\/wp\/v2\/comments?post=336"}],"version-history":[{"count":18,"href":"https:\/\/asg-ulm.de\/index.php\/wp-json\/wp\/v2\/pages\/336\/revisions"}],"predecessor-version":[{"id":2717,"href":"https:\/\/asg-ulm.de\/index.php\/wp-json\/wp\/v2\/pages\/336\/revisions\/2717"}],"wp:attachment":[{"href":"https:\/\/asg-ulm.de\/index.php\/wp-json\/wp\/v2\/media?parent=336"}],"curies":[{"name":"wp","href":"https:\/\/api.w.org\/{rel}","templated":true}]}}