{"id":302,"date":"2023-06-12T07:39:53","date_gmt":"2023-06-12T07:39:53","guid":{"rendered":"https:\/\/staging.ass.ulm.schule\/?page_id=302"},"modified":"2025-09-22T08:41:39","modified_gmt":"2025-09-22T08:41:39","slug":"internationale-vorbereitungsklasse","status":"publish","type":"page","link":"https:\/\/asg-ulm.de\/index.php\/internationale-vorbereitungsklasse\/","title":{"rendered":"Internationale Vorbereitungsklasse"},"content":{"rendered":"\n<div class=\"inherit-container-width wp-block-group is-layout-constrained wp-block-group-is-layout-constrained\">\n<div class=\"wp-block-columns alignfull ticss-c00aadba is-layout-flex wp-container-core-columns-is-layout-28f84493 wp-block-columns-is-layout-flex\"><\/div>\n<\/div>\n\n\n\n<div class=\"wp-block-media-text is-stacked-on-mobile\"><figure class=\"wp-block-media-text__media\"><img loading=\"lazy\" decoding=\"async\" width=\"537\" height=\"676\" src=\"https:\/\/asg-ulm.de\/wp-content\/uploads\/2023\/12\/Bild1.jpg\" alt=\"\" class=\"wp-image-1935 size-full\" srcset=\"https:\/\/asg-ulm.de\/wp-content\/uploads\/2023\/12\/Bild1.jpg 537w, https:\/\/asg-ulm.de\/wp-content\/uploads\/2023\/12\/Bild1-238x300.jpg 238w\" sizes=\"auto, (max-width: 537px) 100vw, 537px\" \/><\/figure><div class=\"wp-block-media-text__content\">\n<p><strong>Individuell und vielf\u00e4ltig lernen wir im Schuljahr 2025\/26 zusammen in einer internationalen Vorbereitungsklasse.<\/strong><\/p>\n\n\n\n<p><strong>Ansprechperson <\/strong>f\u00fcr das Organisatorische der VKL ist:<\/p>\n\n\n\n<p>Frau Mich\u00e8le Tru\u00f6l (VKL-Stufenleitung)<\/p>\n\n\n\n<p>Mail:&nbsp;<a href=\"mailto:truoel@asg-schule-ulm.de\">truoel@asg-schule-ulm.de<\/a><\/p>\n\n\n\n<p>Sekretariat: Tel: 0731 161 35 02<\/p>\n\n\n\n<p>Im Schuljahr 2025\/26 leitet Frau Tru\u00f6l (<a href=\"mailto:truoel@asg-schule-ulm.de\">truoel@asg-schule-ulm.de<\/a>) die Vorbereitungsklasse mit dem F\u00f6rderschwerpunkt Alphabetisierung auf der Sekundarstufe. Unterst\u00fctzt wird sie von der p\u00e4dagogischen Assistentin, Frau Reif-Schwarz (<a href=\"mailto:reif-schwarz@asg-schule-ulm.de\" target=\"_blank\" rel=\"noreferrer noopener\">reif-schwarz@asg-schule-ulm.de<\/a>).<\/p>\n\n\n\n<p><\/p>\n\n\n\n<p>Weitere<strong> INFOS <\/strong>zu den Vorbereitungsklassen finden sie hier:<\/p>\n\n\n\n<div class=\"wp-block-file\"><a id=\"wp-block-file--media-f678ab20-1240-46ab-9503-686e45b1bc7f\" href=\"https:\/\/asg-ulm.de\/wp-content\/uploads\/2025\/09\/VKL-weitere-Infos.pdf\">Weitere Infos zur VKL<\/a><a href=\"https:\/\/asg-ulm.de\/wp-content\/uploads\/2025\/09\/VKL-weitere-Infos.pdf\" class=\"wp-block-file__button wp-element-button\" download aria-describedby=\"wp-block-file--media-f678ab20-1240-46ab-9503-686e45b1bc7f\">Herunterladen<\/a><\/div>\n<\/div><\/div>\n","protected":false},"excerpt":{"rendered":"","protected":false},"author":2,"featured_media":0,"parent":0,"menu_order":0,"comment_status":"closed","ping_status":"closed","template":"","meta":{"site-sidebar-layout":"default","site-content-layout":"","ast-site-content-layout":"default","site-content-style":"default","site-sidebar-style":"default","ast-global-header-display":"","ast-banner-title-visibility":"","ast-main-header-display":"","ast-hfb-above-header-display":"","ast-hfb-below-header-display":"","ast-hfb-mobile-header-display":"","site-post-title":"","ast-breadcrumbs-content":"","ast-featured-img":"","footer-sml-layout":"","ast-disable-related-posts":"","theme-transparent-header-meta":"","adv-header-id-meta":"","stick-header-meta":"","header-above-stick-meta":"","header-main-stick-meta":"","header-below-stick-meta":"","astra-migrate-meta-layouts":"set","ast-page-background-enabled":"default","ast-page-background-meta":{"desktop":{"background-color":"var(--ast-global-color-4)","background-image":"","background-repeat":"repeat","background-position":"center center","background-size":"auto","background-attachment":"scroll","background-type":"","background-media":"","overlay-type":"","overlay-color":"","overlay-opacity":"","overlay-gradient":""},"tablet":{"background-color":"","background-image":"","background-repeat":"repeat","background-position":"center center","background-size":"auto","background-attachment":"scroll","background-type":"","background-media":"","overlay-type":"","overlay-color":"","overlay-opacity":"","overlay-gradient":""},"mobile":{"background-color":"","background-image":"","background-repeat":"repeat","background-position":"center center","background-size":"auto","background-attachment":"scroll","background-type":"","background-media":"","overlay-type":"","overlay-color":"","overlay-opacity":"","overlay-gradient":""}},"ast-content-background-meta":{"desktop":{"background-color":"var(--ast-global-color-5)","background-image":"","background-repeat":"repeat","background-position":"center center","background-size":"auto","background-attachment":"scroll","background-type":"","background-media":"","overlay-type":"","overlay-color":"","overlay-opacity":"","overlay-gradient":""},"tablet":{"background-color":"var(--ast-global-color-5)","background-image":"","background-repeat":"repeat","background-position":"center center","background-size":"auto","background-attachment":"scroll","background-type":"","background-media":"","overlay-type":"","overlay-color":"","overlay-opacity":"","overlay-gradient":""},"mobile":{"background-color":"var(--ast-global-color-5)","background-image":"","background-repeat":"repeat","background-position":"center center","background-size":"auto","background-attachment":"scroll","background-type":"","background-media":"","overlay-type":"","overlay-color":"","overlay-opacity":"","overlay-gradient":""}},"_themeisle_gutenberg_block_has_review":false,"_mc_calendar":[],"footnotes":""},"class_list":["post-302","page","type-page","status-publish","hentry"],"_links":{"self":[{"href":"https:\/\/asg-ulm.de\/index.php\/wp-json\/wp\/v2\/pages\/302","targetHints":{"allow":["GET"]}}],"collection":[{"href":"https:\/\/asg-ulm.de\/index.php\/wp-json\/wp\/v2\/pages"}],"about":[{"href":"https:\/\/asg-ulm.de\/index.php\/wp-json\/wp\/v2\/types\/page"}],"author":[{"embeddable":true,"href":"https:\/\/asg-ulm.de\/index.php\/wp-json\/wp\/v2\/users\/2"}],"replies":[{"embeddable":true,"href":"https:\/\/asg-ulm.de\/index.php\/wp-json\/wp\/v2\/comments?post=302"}],"version-history":[{"count":65,"href":"https:\/\/asg-ulm.de\/index.php\/wp-json\/wp\/v2\/pages\/302\/revisions"}],"predecessor-version":[{"id":2680,"href":"https:\/\/asg-ulm.de\/index.php\/wp-json\/wp\/v2\/pages\/302\/revisions\/2680"}],"wp:attachment":[{"href":"https:\/\/asg-ulm.de\/index.php\/wp-json\/wp\/v2\/media?parent=302"}],"curies":[{"name":"wp","href":"https:\/\/api.w.org\/{rel}","templated":true}]}}