{"id":2582,"date":"2025-03-31T07:43:43","date_gmt":"2025-03-31T07:43:43","guid":{"rendered":"https:\/\/asg-ulm.de\/?page_id=2582"},"modified":"2025-03-31T08:07:56","modified_gmt":"2025-03-31T08:07:56","slug":"noch-fragen","status":"publish","type":"page","link":"https:\/\/asg-ulm.de\/index.php\/noch-fragen\/","title":{"rendered":"Noch fragen?"},"content":{"rendered":"\n<h2 class=\"wp-block-heading\">Noch Fragen?<\/h2>\n\n\n\n<div class=\"wp-block-columns is-layout-flex wp-container-core-columns-is-layout-28f84493 wp-block-columns-is-layout-flex\">\n<div class=\"wp-block-column is-layout-flow wp-block-column-is-layout-flow\">\n<figure class=\"wp-block-image size-large\"><img loading=\"lazy\" decoding=\"async\" width=\"1024\" height=\"1024\" src=\"https:\/\/asg-ulm.de\/wp-content\/uploads\/2023\/11\/PXL_20230908_104938924.PORTRAIT2-1024x1024.jpg\" alt=\"\" class=\"wp-image-1471\" srcset=\"https:\/\/asg-ulm.de\/wp-content\/uploads\/2023\/11\/PXL_20230908_104938924.PORTRAIT2-1024x1024.jpg 1024w, https:\/\/asg-ulm.de\/wp-content\/uploads\/2023\/11\/PXL_20230908_104938924.PORTRAIT2-300x300.jpg 300w, https:\/\/asg-ulm.de\/wp-content\/uploads\/2023\/11\/PXL_20230908_104938924.PORTRAIT2-150x150.jpg 150w, https:\/\/asg-ulm.de\/wp-content\/uploads\/2023\/11\/PXL_20230908_104938924.PORTRAIT2-768x768.jpg 768w, https:\/\/asg-ulm.de\/wp-content\/uploads\/2023\/11\/PXL_20230908_104938924.PORTRAIT2-1536x1536.jpg 1536w, https:\/\/asg-ulm.de\/wp-content\/uploads\/2023\/11\/PXL_20230908_104938924.PORTRAIT2-2048x2048.jpg 2048w\" sizes=\"auto, (max-width: 1024px) 100vw, 1024px\" \/><\/figure>\n<\/div>\n\n\n\n<div class=\"wp-block-column is-layout-flow wp-block-column-is-layout-flow\">\n<p><\/p>\n\n\n\n<p class=\"has-large-font-size\" style=\"margin-top:var(--wp--preset--spacing--20);margin-right:var(--wp--preset--spacing--20);margin-bottom:var(--wp--preset--spacing--20);margin-left:var(--wp--preset--spacing--20);padding-top:var(--wp--preset--spacing--30);padding-right:var(--wp--preset--spacing--30);padding-bottom:var(--wp--preset--spacing--30);padding-left:var(--wp--preset--spacing--30);line-height:1.7\">Melden Sie sich gerne schon, bei Frau Altinok, falls Sie Fragen haben oder auch gerne ein pers\u00f6nliches Gespr\u00e4ch m\u00f6chten: <a href=\"mailto:asg@ulm.de\">asg@ulm.de<\/a><\/p>\n\n\n\n<p class=\"has-large-font-size\" style=\"padding-top:var(--wp--preset--spacing--30);padding-right:var(--wp--preset--spacing--30);padding-bottom:var(--wp--preset--spacing--30);padding-left:var(--wp--preset--spacing--30);line-height:1.7\">Allgemeine Fragen und Antworten zur Gemeinschaftsschule finden Sie auch <a href=\"https:\/\/www.baden-wuerttemberg.de\/de\/bw-gestalten\/schlaues-baden-wuerttemberg\/schule\/gemeinschaftsschule-faq\">hier<\/a><\/p>\n<\/div>\n<\/div>\n\n\n\n<p><\/p>\n\n\n\n<p><\/p>\n","protected":false},"excerpt":{"rendered":"<p>Noch Fragen? Melden Sie sich gerne schon, bei Frau Altinok, falls Sie Fragen haben oder auch gerne ein pers\u00f6nliches Gespr\u00e4ch m\u00f6chten: asg@ulm.de Allgemeine Fragen und Antworten zur Gemeinschaftsschule finden Sie auch hier<\/p>\n","protected":false},"author":4,"featured_media":0,"parent":0,"menu_order":0,"comment_status":"closed","ping_status":"closed","template":"","meta":{"site-sidebar-layout":"default","site-content-layout":"","ast-site-content-layout":"default","site-content-style":"default","site-sidebar-style":"default","ast-global-header-display":"","ast-banner-title-visibility":"","ast-main-header-display":"","ast-hfb-above-header-display":"","ast-hfb-below-header-display":"","ast-hfb-mobile-header-display":"","site-post-title":"","ast-breadcrumbs-content":"","ast-featured-img":"","footer-sml-layout":"","ast-disable-related-posts":"","theme-transparent-header-meta":"","adv-header-id-meta":"","stick-header-meta":"","header-above-stick-meta":"","header-main-stick-meta":"","header-below-stick-meta":"","astra-migrate-meta-layouts":"set","ast-page-background-enabled":"default","ast-page-background-meta":{"desktop":{"background-color":"var(--ast-global-color-4)","background-image":"","background-repeat":"repeat","background-position":"center center","background-size":"auto","background-attachment":"scroll","background-type":"","background-media":"","overlay-type":"","overlay-color":"","overlay-opacity":"","overlay-gradient":""},"tablet":{"background-color":"","background-image":"","background-repeat":"repeat","background-position":"center center","background-size":"auto","background-attachment":"scroll","background-type":"","background-media":"","overlay-type":"","overlay-color":"","overlay-opacity":"","overlay-gradient":""},"mobile":{"background-color":"","background-image":"","background-repeat":"repeat","background-position":"center center","background-size":"auto","background-attachment":"scroll","background-type":"","background-media":"","overlay-type":"","overlay-color":"","overlay-opacity":"","overlay-gradient":""}},"ast-content-background-meta":{"desktop":{"background-color":"var(--ast-global-color-5)","background-image":"","background-repeat":"repeat","background-position":"center center","background-size":"auto","background-attachment":"scroll","background-type":"","background-media":"","overlay-type":"","overlay-color":"","overlay-opacity":"","overlay-gradient":""},"tablet":{"background-color":"var(--ast-global-color-5)","background-image":"","background-repeat":"repeat","background-position":"center center","background-size":"auto","background-attachment":"scroll","background-type":"","background-media":"","overlay-type":"","overlay-color":"","overlay-opacity":"","overlay-gradient":""},"mobile":{"background-color":"var(--ast-global-color-5)","background-image":"","background-repeat":"repeat","background-position":"center center","background-size":"auto","background-attachment":"scroll","background-type":"","background-media":"","overlay-type":"","overlay-color":"","overlay-opacity":"","overlay-gradient":""}},"_themeisle_gutenberg_block_has_review":false,"_mc_calendar":[],"footnotes":""},"class_list":["post-2582","page","type-page","status-publish","hentry"],"_links":{"self":[{"href":"https:\/\/asg-ulm.de\/index.php\/wp-json\/wp\/v2\/pages\/2582","targetHints":{"allow":["GET"]}}],"collection":[{"href":"https:\/\/asg-ulm.de\/index.php\/wp-json\/wp\/v2\/pages"}],"about":[{"href":"https:\/\/asg-ulm.de\/index.php\/wp-json\/wp\/v2\/types\/page"}],"author":[{"embeddable":true,"href":"https:\/\/asg-ulm.de\/index.php\/wp-json\/wp\/v2\/users\/4"}],"replies":[{"embeddable":true,"href":"https:\/\/asg-ulm.de\/index.php\/wp-json\/wp\/v2\/comments?post=2582"}],"version-history":[{"count":7,"href":"https:\/\/asg-ulm.de\/index.php\/wp-json\/wp\/v2\/pages\/2582\/revisions"}],"predecessor-version":[{"id":2596,"href":"https:\/\/asg-ulm.de\/index.php\/wp-json\/wp\/v2\/pages\/2582\/revisions\/2596"}],"wp:attachment":[{"href":"https:\/\/asg-ulm.de\/index.php\/wp-json\/wp\/v2\/media?parent=2582"}],"curies":[{"name":"wp","href":"https:\/\/api.w.org\/{rel}","templated":true}]}}