{"id":180,"date":"2023-03-29T19:12:36","date_gmt":"2023-03-29T19:12:36","guid":{"rendered":"https:\/\/designvorschlagschulhomepage.4lima.de\/?page_id=180"},"modified":"2023-11-26T19:11:30","modified_gmt":"2023-11-26T19:11:30","slug":"ganztagesschule","status":"publish","type":"page","link":"https:\/\/asg-ulm.de\/index.php\/ganztagesschule\/","title":{"rendered":"Ganztagesangebot"},"content":{"rendered":"\n<h4 class=\"wp-block-heading\">Ganztag<\/h4>\n\n\n\n<p>In der Primarstufe bieten wir einen offenen Ganztag an. In der Sekundarstufe ist der Ganztag f\u00fcr alle Lernenden verbindlich.<\/p>\n\n\n\n<div style=\"height:60px\" aria-hidden=\"true\" class=\"wp-block-spacer\"><\/div>\n\n\n\n<h5 class=\"wp-block-heading\">Primarstufe<\/h5>\n\n\n\n<p>Die Grundschule ist  eine offene Ganztagesschule mit Wahlangeboten.<\/p>\n\n\n\n<p>In der <a href=\"https:\/\/asg-ulm.de\/index.php\/kernzeitbetreuung\/\">Kernzeitbetreuung<\/a> k\u00f6nnen die Grundsch\u00fclerinnen und Grundsch\u00fcler au\u00dferhalb der Unterrichtszeiten verl\u00e4sslich im Zeitraum von 7.30 Uhr bis 17 Uhr betreut werden.<\/p>\n\n\n\n<div style=\"height:60px\" aria-hidden=\"true\" class=\"wp-block-spacer\"><\/div>\n\n\n\n<h5 class=\"wp-block-heading\">Sekundarstufe<\/h5>\n\n\n\n<p>Um den Schulalltag zu rhythmisieren, wird auf einen Wechsel zwischen Lernzeit, \u00dcbungszeit, Pausen, Sport und sozialen Aktivit\u00e4ten geachtet. <\/p>\n\n\n\n<p>Das Mittagessen kann in unserer sch\u00f6nen <a href=\"https:\/\/asg-ulm.de\/index.php\/schulkonzept\/ganztagesschule\/mensa\/\" data-type=\"page\" data-id=\"1062\">Mensa<\/a> eingenommen werden. <\/p>\n\n\n\n<p>Ein weiterer Baustein des Ganztags ist eine w\u00f6chentliche Klassen AG mit Zeit f\u00fcr Klassentrainings, au\u00dferschulische Aktivit\u00e4ten und soziale Kontakte.<\/p>\n\n\n\n<p>Um f\u00fcr eine Entlastung zuhause zu sorgen gibt es f\u00fcr die Lernenden keine schriftlichen Hausaufgaben, sodass noch Zeit f\u00fcr pers\u00f6nliche Hobbies und Interessen bleibt.<\/p>\n\n\n\n<p><\/p>\n","protected":false},"excerpt":{"rendered":"<p>Ganztag In der Primarstufe bieten wir einen offenen Ganztag an. In der Sekundarstufe ist der Ganztag f\u00fcr alle Lernenden verbindlich. Primarstufe Die Grundschule ist eine offene Ganztagesschule mit Wahlangeboten. In der Kernzeitbetreuung k\u00f6nnen die Grundsch\u00fclerinnen und Grundsch\u00fcler au\u00dferhalb der Unterrichtszeiten verl\u00e4sslich im Zeitraum von 7.30 Uhr bis 17 Uhr betreut werden. Sekundarstufe Um den Schulalltag [&hellip;]<\/p>\n","protected":false},"author":2,"featured_media":0,"parent":0,"menu_order":0,"comment_status":"closed","ping_status":"closed","template":"","meta":{"site-sidebar-layout":"default","site-content-layout":"","ast-site-content-layout":"default","site-content-style":"default","site-sidebar-style":"default","ast-global-header-display":"","ast-banner-title-visibility":"","ast-main-header-display":"","ast-hfb-above-header-display":"","ast-hfb-below-header-display":"","ast-hfb-mobile-header-display":"","site-post-title":"","ast-breadcrumbs-content":"","ast-featured-img":"","footer-sml-layout":"","ast-disable-related-posts":"","theme-transparent-header-meta":"","adv-header-id-meta":"","stick-header-meta":"","header-above-stick-meta":"","header-main-stick-meta":"","header-below-stick-meta":"","astra-migrate-meta-layouts":"set","ast-page-background-enabled":"default","ast-page-background-meta":{"desktop":{"background-color":"var(--ast-global-color-4)","background-image":"","background-repeat":"repeat","background-position":"center center","background-size":"auto","background-attachment":"scroll","background-type":"","background-media":"","overlay-type":"","overlay-color":"","overlay-opacity":"","overlay-gradient":""},"tablet":{"background-color":"","background-image":"","background-repeat":"repeat","background-position":"center center","background-size":"auto","background-attachment":"scroll","background-type":"","background-media":"","overlay-type":"","overlay-color":"","overlay-opacity":"","overlay-gradient":""},"mobile":{"background-color":"","background-image":"","background-repeat":"repeat","background-position":"center center","background-size":"auto","background-attachment":"scroll","background-type":"","background-media":"","overlay-type":"","overlay-color":"","overlay-opacity":"","overlay-gradient":""}},"ast-content-background-meta":{"desktop":{"background-color":"var(--ast-global-color-5)","background-image":"","background-repeat":"repeat","background-position":"center center","background-size":"auto","background-attachment":"scroll","background-type":"","background-media":"","overlay-type":"","overlay-color":"","overlay-opacity":"","overlay-gradient":""},"tablet":{"background-color":"var(--ast-global-color-5)","background-image":"","background-repeat":"repeat","background-position":"center center","background-size":"auto","background-attachment":"scroll","background-type":"","background-media":"","overlay-type":"","overlay-color":"","overlay-opacity":"","overlay-gradient":""},"mobile":{"background-color":"var(--ast-global-color-5)","background-image":"","background-repeat":"repeat","background-position":"center center","background-size":"auto","background-attachment":"scroll","background-type":"","background-media":"","overlay-type":"","overlay-color":"","overlay-opacity":"","overlay-gradient":""}},"_themeisle_gutenberg_block_has_review":false,"_mc_calendar":[],"footnotes":""},"class_list":["post-180","page","type-page","status-publish","hentry"],"_links":{"self":[{"href":"https:\/\/asg-ulm.de\/index.php\/wp-json\/wp\/v2\/pages\/180","targetHints":{"allow":["GET"]}}],"collection":[{"href":"https:\/\/asg-ulm.de\/index.php\/wp-json\/wp\/v2\/pages"}],"about":[{"href":"https:\/\/asg-ulm.de\/index.php\/wp-json\/wp\/v2\/types\/page"}],"author":[{"embeddable":true,"href":"https:\/\/asg-ulm.de\/index.php\/wp-json\/wp\/v2\/users\/2"}],"replies":[{"embeddable":true,"href":"https:\/\/asg-ulm.de\/index.php\/wp-json\/wp\/v2\/comments?post=180"}],"version-history":[{"count":41,"href":"https:\/\/asg-ulm.de\/index.php\/wp-json\/wp\/v2\/pages\/180\/revisions"}],"predecessor-version":[{"id":1879,"href":"https:\/\/asg-ulm.de\/index.php\/wp-json\/wp\/v2\/pages\/180\/revisions\/1879"}],"wp:attachment":[{"href":"https:\/\/asg-ulm.de\/index.php\/wp-json\/wp\/v2\/media?parent=180"}],"curies":[{"name":"wp","href":"https:\/\/api.w.org\/{rel}","templated":true}]}}