{"id":1669,"date":"2023-11-26T13:37:38","date_gmt":"2023-11-26T13:37:38","guid":{"rendered":"https:\/\/staging.ass.ulm.schule\/?page_id=1669"},"modified":"2024-10-15T12:41:26","modified_gmt":"2024-10-15T12:41:26","slug":"lerncoaching","status":"publish","type":"page","link":"https:\/\/asg-ulm.de\/index.php\/lerncoaching\/","title":{"rendered":"Lerncoaching"},"content":{"rendered":"\n<h4 class=\"wp-block-heading\">LernCoaching<\/h4>\n\n\n\n<div class=\"wp-block-columns is-layout-flex wp-container-core-columns-is-layout-28f84493 wp-block-columns-is-layout-flex\">\n<div class=\"wp-block-column is-layout-flow wp-block-column-is-layout-flow\">\n<figure class=\"wp-block-image size-large\"><img loading=\"lazy\" decoding=\"async\" width=\"1024\" height=\"855\" src=\"https:\/\/asg-ulm.de\/wp-content\/uploads\/2023\/11\/Bildschirmfoto-2023-11-19-um-13.18.36-1024x855.png\" alt=\"\" class=\"wp-image-1723\" srcset=\"https:\/\/asg-ulm.de\/wp-content\/uploads\/2023\/11\/Bildschirmfoto-2023-11-19-um-13.18.36-1024x855.png 1024w, https:\/\/asg-ulm.de\/wp-content\/uploads\/2023\/11\/Bildschirmfoto-2023-11-19-um-13.18.36-300x250.png 300w, https:\/\/asg-ulm.de\/wp-content\/uploads\/2023\/11\/Bildschirmfoto-2023-11-19-um-13.18.36-768x641.png 768w, https:\/\/asg-ulm.de\/wp-content\/uploads\/2023\/11\/Bildschirmfoto-2023-11-19-um-13.18.36-1536x1282.png 1536w, https:\/\/asg-ulm.de\/wp-content\/uploads\/2023\/11\/Bildschirmfoto-2023-11-19-um-13.18.36.png 2032w\" sizes=\"auto, (max-width: 1024px) 100vw, 1024px\" \/><figcaption class=\"wp-element-caption\">Quelle: midjourney \/ simple Film GmbH<\/figcaption><\/figure>\n<\/div>\n\n\n\n<div class=\"wp-block-column is-layout-flow wp-block-column-is-layout-flow\">\n<p>Seit dem Schuljahr 2023\/2024 gibt es an unserer Schule <strong>Lerncoaching.<\/strong><\/p>\n\n\n\n<p>F\u00fcr jede Sch\u00fclerin und jeden Sch\u00fcler der Sekundarstufe \u00fcbernimmt eine Lehrkraft die Funktion eines Coachs. Der <strong>Coach<\/strong> soll f\u00fcr die Sch\u00fclerinnen und Sch\u00fcler ein erster Ansprechpartner sein und diese beim&nbsp;Schulleben unterst\u00fctzen.&nbsp;<\/p>\n\n\n\n<p>Jeder Coach f\u00fchrt mit seinem jeweiligen Coachee und dessen Eltern die verbindlichen Lernentwicklungsgespr\u00e4che bzw. die Schullaufbahnberatungsgespr\u00e4che.<\/p>\n\n\n\n<p>Hier wird auf folgende Punkte eingegangen:<\/p>\n\n\n\n<p>&#8211; die Beobachtungen des Coachs \u00fcber den Coachee<\/p>\n\n\n\n<p>&#8211; Selbstevaluationsbogen des Coachees<\/p>\n\n\n\n<p>&#8211; Sozial- und Arbeitsverhalten des Coachees<\/p>\n\n\n\n<p>&#8211; Fehlzeiten und Bemerkungen des Coachees<\/p>\n<\/div>\n<\/div>\n","protected":false},"excerpt":{"rendered":"<p>LernCoaching Seit dem Schuljahr 2023\/2024 gibt es an unserer Schule Lerncoaching. F\u00fcr jede Sch\u00fclerin und jeden Sch\u00fcler der Sekundarstufe \u00fcbernimmt eine Lehrkraft die Funktion eines Coachs. Der Coach soll f\u00fcr die Sch\u00fclerinnen und Sch\u00fcler ein erster Ansprechpartner sein und diese beim&nbsp;Schulleben unterst\u00fctzen.&nbsp; Jeder Coach f\u00fchrt mit seinem jeweiligen Coachee und dessen Eltern die verbindlichen Lernentwicklungsgespr\u00e4che [&hellip;]<\/p>\n","protected":false},"author":4,"featured_media":0,"parent":0,"menu_order":0,"comment_status":"closed","ping_status":"closed","template":"","meta":{"site-sidebar-layout":"default","site-content-layout":"","ast-site-content-layout":"default","site-content-style":"default","site-sidebar-style":"default","ast-global-header-display":"","ast-banner-title-visibility":"","ast-main-header-display":"","ast-hfb-above-header-display":"","ast-hfb-below-header-display":"","ast-hfb-mobile-header-display":"","site-post-title":"","ast-breadcrumbs-content":"","ast-featured-img":"","footer-sml-layout":"","ast-disable-related-posts":"","theme-transparent-header-meta":"","adv-header-id-meta":"","stick-header-meta":"","header-above-stick-meta":"","header-main-stick-meta":"","header-below-stick-meta":"","astra-migrate-meta-layouts":"set","ast-page-background-enabled":"default","ast-page-background-meta":{"desktop":{"background-color":"var(--ast-global-color-4)","background-image":"","background-repeat":"repeat","background-position":"center center","background-size":"auto","background-attachment":"scroll","background-type":"","background-media":"","overlay-type":"","overlay-color":"","overlay-opacity":"","overlay-gradient":""},"tablet":{"background-color":"","background-image":"","background-repeat":"repeat","background-position":"center center","background-size":"auto","background-attachment":"scroll","background-type":"","background-media":"","overlay-type":"","overlay-color":"","overlay-opacity":"","overlay-gradient":""},"mobile":{"background-color":"","background-image":"","background-repeat":"repeat","background-position":"center center","background-size":"auto","background-attachment":"scroll","background-type":"","background-media":"","overlay-type":"","overlay-color":"","overlay-opacity":"","overlay-gradient":""}},"ast-content-background-meta":{"desktop":{"background-color":"var(--ast-global-color-5)","background-image":"","background-repeat":"repeat","background-position":"center center","background-size":"auto","background-attachment":"scroll","background-type":"","background-media":"","overlay-type":"","overlay-color":"","overlay-opacity":"","overlay-gradient":""},"tablet":{"background-color":"var(--ast-global-color-5)","background-image":"","background-repeat":"repeat","background-position":"center center","background-size":"auto","background-attachment":"scroll","background-type":"","background-media":"","overlay-type":"","overlay-color":"","overlay-opacity":"","overlay-gradient":""},"mobile":{"background-color":"var(--ast-global-color-5)","background-image":"","background-repeat":"repeat","background-position":"center center","background-size":"auto","background-attachment":"scroll","background-type":"","background-media":"","overlay-type":"","overlay-color":"","overlay-opacity":"","overlay-gradient":""}},"_themeisle_gutenberg_block_has_review":false,"_mc_calendar":[],"footnotes":""},"class_list":["post-1669","page","type-page","status-publish","hentry"],"_links":{"self":[{"href":"https:\/\/asg-ulm.de\/index.php\/wp-json\/wp\/v2\/pages\/1669","targetHints":{"allow":["GET"]}}],"collection":[{"href":"https:\/\/asg-ulm.de\/index.php\/wp-json\/wp\/v2\/pages"}],"about":[{"href":"https:\/\/asg-ulm.de\/index.php\/wp-json\/wp\/v2\/types\/page"}],"author":[{"embeddable":true,"href":"https:\/\/asg-ulm.de\/index.php\/wp-json\/wp\/v2\/users\/4"}],"replies":[{"embeddable":true,"href":"https:\/\/asg-ulm.de\/index.php\/wp-json\/wp\/v2\/comments?post=1669"}],"version-history":[{"count":6,"href":"https:\/\/asg-ulm.de\/index.php\/wp-json\/wp\/v2\/pages\/1669\/revisions"}],"predecessor-version":[{"id":2357,"href":"https:\/\/asg-ulm.de\/index.php\/wp-json\/wp\/v2\/pages\/1669\/revisions\/2357"}],"wp:attachment":[{"href":"https:\/\/asg-ulm.de\/index.php\/wp-json\/wp\/v2\/media?parent=1669"}],"curies":[{"name":"wp","href":"https:\/\/api.w.org\/{rel}","templated":true}]}}