{"id":1496,"date":"2023-11-07T07:28:41","date_gmt":"2023-11-07T07:28:41","guid":{"rendered":"https:\/\/staging.ass.ulm.schule\/?page_id=1496"},"modified":"2023-11-07T11:36:47","modified_gmt":"2023-11-07T11:36:47","slug":"baeckerverkauf","status":"publish","type":"page","link":"https:\/\/asg-ulm.de\/index.php\/baeckerverkauf\/","title":{"rendered":"B\u00e4ckerverkauf"},"content":{"rendered":"\n<h4 class=\"wp-block-heading\">B\u00e4ckerverkauf<\/h4>\n\n\n\n<p>Der B\u00e4ckerverkauf ist von der <a href=\"https:\/\/asg-ulm.de\/index.php\/smv\/\">SMV<\/a> ins Leben gerufen worden. Auf Wunsch der Sch\u00fclerinnen und Sch\u00fcler wird den Lernenden zweimal in der Woche die M\u00f6glichkeit geboten, sich ein leckeres und gesundes Pausenbrot zu kaufen. Sowohl die Zubereitung der Br\u00f6tchen und Brezeln als auch der Verkauf selbst wird von den Sch\u00fclerinnen und Sch\u00fclern geleitet. Die SMV-Lehrer koordinieren die Aktion.<\/p>\n\n\n\n<figure class=\"wp-block-gallery has-nested-images columns-4 is-cropped wp-block-gallery-1 is-layout-flex wp-block-gallery-is-layout-flex\">\n<figure class=\"wp-block-image size-large is-style-rounded\"><a href=\"https:\/\/asg-ulm.de\/wp-content\/uploads\/2023\/11\/Baeckerverkauf-7-scaled.jpg\"><img loading=\"lazy\" decoding=\"async\" width=\"1024\" height=\"768\" data-id=\"1613\" src=\"https:\/\/asg-ulm.de\/wp-content\/uploads\/2023\/11\/Baeckerverkauf-7-1024x768.jpg\" alt=\"\" class=\"wp-image-1613\" srcset=\"https:\/\/asg-ulm.de\/wp-content\/uploads\/2023\/11\/Baeckerverkauf-7-1024x768.jpg 1024w, https:\/\/asg-ulm.de\/wp-content\/uploads\/2023\/11\/Baeckerverkauf-7-300x225.jpg 300w, https:\/\/asg-ulm.de\/wp-content\/uploads\/2023\/11\/Baeckerverkauf-7-768x576.jpg 768w, https:\/\/asg-ulm.de\/wp-content\/uploads\/2023\/11\/Baeckerverkauf-7-1536x1152.jpg 1536w, https:\/\/asg-ulm.de\/wp-content\/uploads\/2023\/11\/Baeckerverkauf-7-2048x1536.jpg 2048w\" sizes=\"auto, (max-width: 1024px) 100vw, 1024px\" \/><\/a><\/figure>\n\n\n\n<figure class=\"wp-block-image size-large is-style-rounded\"><a href=\"https:\/\/asg-ulm.de\/wp-content\/uploads\/2023\/11\/Baeckerverkauf2-5-scaled.jpg\"><img loading=\"lazy\" decoding=\"async\" width=\"1024\" height=\"768\" data-id=\"1610\" src=\"https:\/\/asg-ulm.de\/wp-content\/uploads\/2023\/11\/Baeckerverkauf2-5-1024x768.jpg\" alt=\"\" class=\"wp-image-1610\" srcset=\"https:\/\/asg-ulm.de\/wp-content\/uploads\/2023\/11\/Baeckerverkauf2-5-1024x768.jpg 1024w, https:\/\/asg-ulm.de\/wp-content\/uploads\/2023\/11\/Baeckerverkauf2-5-300x225.jpg 300w, https:\/\/asg-ulm.de\/wp-content\/uploads\/2023\/11\/Baeckerverkauf2-5-768x576.jpg 768w, https:\/\/asg-ulm.de\/wp-content\/uploads\/2023\/11\/Baeckerverkauf2-5-1536x1152.jpg 1536w, https:\/\/asg-ulm.de\/wp-content\/uploads\/2023\/11\/Baeckerverkauf2-5-2048x1536.jpg 2048w\" sizes=\"auto, (max-width: 1024px) 100vw, 1024px\" \/><\/a><\/figure>\n\n\n\n<figure class=\"wp-block-image size-large is-style-rounded\"><a href=\"https:\/\/asg-ulm.de\/wp-content\/uploads\/2023\/11\/Baeckerverkauf3-7-scaled.jpg\"><img loading=\"lazy\" decoding=\"async\" width=\"1024\" height=\"768\" data-id=\"1611\" src=\"https:\/\/asg-ulm.de\/wp-content\/uploads\/2023\/11\/Baeckerverkauf3-7-1024x768.jpg\" alt=\"\" class=\"wp-image-1611\" srcset=\"https:\/\/asg-ulm.de\/wp-content\/uploads\/2023\/11\/Baeckerverkauf3-7-1024x768.jpg 1024w, https:\/\/asg-ulm.de\/wp-content\/uploads\/2023\/11\/Baeckerverkauf3-7-300x225.jpg 300w, https:\/\/asg-ulm.de\/wp-content\/uploads\/2023\/11\/Baeckerverkauf3-7-768x576.jpg 768w, https:\/\/asg-ulm.de\/wp-content\/uploads\/2023\/11\/Baeckerverkauf3-7-1536x1152.jpg 1536w, https:\/\/asg-ulm.de\/wp-content\/uploads\/2023\/11\/Baeckerverkauf3-7-2048x1536.jpg 2048w\" sizes=\"auto, (max-width: 1024px) 100vw, 1024px\" \/><\/a><\/figure>\n\n\n\n<figure class=\"wp-block-image size-large is-style-rounded\"><a href=\"https:\/\/asg-ulm.de\/wp-content\/uploads\/2023\/11\/Baeckerverkauf4-10-scaled.jpg\"><img loading=\"lazy\" decoding=\"async\" width=\"1024\" height=\"768\" data-id=\"1612\" src=\"https:\/\/asg-ulm.de\/wp-content\/uploads\/2023\/11\/Baeckerverkauf4-10-1024x768.jpg\" alt=\"\" class=\"wp-image-1612\" srcset=\"https:\/\/asg-ulm.de\/wp-content\/uploads\/2023\/11\/Baeckerverkauf4-10-1024x768.jpg 1024w, https:\/\/asg-ulm.de\/wp-content\/uploads\/2023\/11\/Baeckerverkauf4-10-300x225.jpg 300w, https:\/\/asg-ulm.de\/wp-content\/uploads\/2023\/11\/Baeckerverkauf4-10-768x576.jpg 768w, https:\/\/asg-ulm.de\/wp-content\/uploads\/2023\/11\/Baeckerverkauf4-10-1536x1152.jpg 1536w, https:\/\/asg-ulm.de\/wp-content\/uploads\/2023\/11\/Baeckerverkauf4-10-2048x1536.jpg 2048w\" sizes=\"auto, (max-width: 1024px) 100vw, 1024px\" \/><\/a><\/figure>\n<\/figure>\n","protected":false},"excerpt":{"rendered":"<p>B\u00e4ckerverkauf Der B\u00e4ckerverkauf ist von der SMV ins Leben gerufen worden. Auf Wunsch der Sch\u00fclerinnen und Sch\u00fcler wird den Lernenden zweimal in der Woche die M\u00f6glichkeit geboten, sich ein leckeres und gesundes Pausenbrot zu kaufen. Sowohl die Zubereitung der Br\u00f6tchen und Brezeln als auch der Verkauf selbst wird von den Sch\u00fclerinnen und Sch\u00fclern geleitet. Die [&hellip;]<\/p>\n","protected":false},"author":4,"featured_media":0,"parent":0,"menu_order":0,"comment_status":"closed","ping_status":"closed","template":"","meta":{"site-sidebar-layout":"default","site-content-layout":"","ast-site-content-layout":"default","site-content-style":"default","site-sidebar-style":"default","ast-global-header-display":"","ast-banner-title-visibility":"","ast-main-header-display":"","ast-hfb-above-header-display":"","ast-hfb-below-header-display":"","ast-hfb-mobile-header-display":"","site-post-title":"","ast-breadcrumbs-content":"","ast-featured-img":"","footer-sml-layout":"","ast-disable-related-posts":"","theme-transparent-header-meta":"","adv-header-id-meta":"","stick-header-meta":"","header-above-stick-meta":"","header-main-stick-meta":"","header-below-stick-meta":"","astra-migrate-meta-layouts":"default","ast-page-background-enabled":"default","ast-page-background-meta":{"desktop":{"background-color":"var(--ast-global-color-4)","background-image":"","background-repeat":"repeat","background-position":"center center","background-size":"auto","background-attachment":"scroll","background-type":"","background-media":"","overlay-type":"","overlay-color":"","overlay-opacity":"","overlay-gradient":""},"tablet":{"background-color":"","background-image":"","background-repeat":"repeat","background-position":"center center","background-size":"auto","background-attachment":"scroll","background-type":"","background-media":"","overlay-type":"","overlay-color":"","overlay-opacity":"","overlay-gradient":""},"mobile":{"background-color":"","background-image":"","background-repeat":"repeat","background-position":"center center","background-size":"auto","background-attachment":"scroll","background-type":"","background-media":"","overlay-type":"","overlay-color":"","overlay-opacity":"","overlay-gradient":""}},"ast-content-background-meta":{"desktop":{"background-color":"var(--ast-global-color-5)","background-image":"","background-repeat":"repeat","background-position":"center center","background-size":"auto","background-attachment":"scroll","background-type":"","background-media":"","overlay-type":"","overlay-color":"","overlay-opacity":"","overlay-gradient":""},"tablet":{"background-color":"var(--ast-global-color-5)","background-image":"","background-repeat":"repeat","background-position":"center center","background-size":"auto","background-attachment":"scroll","background-type":"","background-media":"","overlay-type":"","overlay-color":"","overlay-opacity":"","overlay-gradient":""},"mobile":{"background-color":"var(--ast-global-color-5)","background-image":"","background-repeat":"repeat","background-position":"center center","background-size":"auto","background-attachment":"scroll","background-type":"","background-media":"","overlay-type":"","overlay-color":"","overlay-opacity":"","overlay-gradient":""}},"_themeisle_gutenberg_block_has_review":false,"_mc_calendar":[],"footnotes":""},"class_list":["post-1496","page","type-page","status-publish","hentry"],"_links":{"self":[{"href":"https:\/\/asg-ulm.de\/index.php\/wp-json\/wp\/v2\/pages\/1496","targetHints":{"allow":["GET"]}}],"collection":[{"href":"https:\/\/asg-ulm.de\/index.php\/wp-json\/wp\/v2\/pages"}],"about":[{"href":"https:\/\/asg-ulm.de\/index.php\/wp-json\/wp\/v2\/types\/page"}],"author":[{"embeddable":true,"href":"https:\/\/asg-ulm.de\/index.php\/wp-json\/wp\/v2\/users\/4"}],"replies":[{"embeddable":true,"href":"https:\/\/asg-ulm.de\/index.php\/wp-json\/wp\/v2\/comments?post=1496"}],"version-history":[{"count":15,"href":"https:\/\/asg-ulm.de\/index.php\/wp-json\/wp\/v2\/pages\/1496\/revisions"}],"predecessor-version":[{"id":1619,"href":"https:\/\/asg-ulm.de\/index.php\/wp-json\/wp\/v2\/pages\/1496\/revisions\/1619"}],"wp:attachment":[{"href":"https:\/\/asg-ulm.de\/index.php\/wp-json\/wp\/v2\/media?parent=1496"}],"curies":[{"name":"wp","href":"https:\/\/api.w.org\/{rel}","templated":true}]}}