{"id":1303,"date":"2023-07-17T03:44:50","date_gmt":"2023-07-17T03:44:50","guid":{"rendered":"https:\/\/staging.ass.ulm.schule\/?page_id=1303"},"modified":"2023-11-07T09:12:49","modified_gmt":"2023-11-07T09:12:49","slug":"angebot-jugendhaus","status":"publish","type":"page","link":"https:\/\/asg-ulm.de\/index.php\/angebot-jugendhaus\/","title":{"rendered":"Angebot Jugendhaus"},"content":{"rendered":"\n<h4 class=\"wp-block-heading\">jugendhaus<\/h4>\n\n\n\n<div class=\"wp-block-columns is-layout-flex wp-container-core-columns-is-layout-28f84493 wp-block-columns-is-layout-flex\">\n<div class=\"wp-block-column is-layout-flow wp-block-column-is-layout-flow\">\n<figure class=\"wp-block-image size-full\"><img loading=\"lazy\" decoding=\"async\" width=\"530\" height=\"378\" src=\"https:\/\/asg-ulm.de\/wp-content\/uploads\/2023\/11\/Jugendhaus.jpg\" alt=\"\" class=\"wp-image-1515\" srcset=\"https:\/\/asg-ulm.de\/wp-content\/uploads\/2023\/11\/Jugendhaus.jpg 530w, https:\/\/asg-ulm.de\/wp-content\/uploads\/2023\/11\/Jugendhaus-300x214.jpg 300w\" sizes=\"auto, (max-width: 530px) 100vw, 530px\" \/><\/figure>\n<\/div>\n\n\n\n<div class=\"wp-block-column is-layout-flow wp-block-column-is-layout-flow\">\n<p>Auf unserem Campus befindet sich auch das Jugendhaus. Dieses bietet speziell f\u00fcr unsere Lernenden einen R\u00fcckzugsort im Mittagsband. Dienstag bis Donnerstag k\u00f6nnen hier die Jugendlichen entspannen und snacken. Neben Getr\u00e4nken und Snacks bietet das Jugendhaus Sofas zum Ausruhen oder auch diverse M\u00f6glichkeiten der Besch\u00e4ftigung: Tischtennis, Billard und Tischkicker.<\/p>\n<\/div>\n<\/div>\n","protected":false},"excerpt":{"rendered":"<p>jugendhaus Auf unserem Campus befindet sich auch das Jugendhaus. Dieses bietet speziell f\u00fcr unsere Lernenden einen R\u00fcckzugsort im Mittagsband. Dienstag bis Donnerstag k\u00f6nnen hier die Jugendlichen entspannen und snacken. Neben Getr\u00e4nken und Snacks bietet das Jugendhaus Sofas zum Ausruhen oder auch diverse M\u00f6glichkeiten der Besch\u00e4ftigung: Tischtennis, Billard und Tischkicker.<\/p>\n","protected":false},"author":2,"featured_media":0,"parent":0,"menu_order":0,"comment_status":"closed","ping_status":"closed","template":"","meta":{"site-sidebar-layout":"default","site-content-layout":"","ast-site-content-layout":"default","site-content-style":"default","site-sidebar-style":"default","ast-global-header-display":"","ast-banner-title-visibility":"","ast-main-header-display":"","ast-hfb-above-header-display":"","ast-hfb-below-header-display":"","ast-hfb-mobile-header-display":"","site-post-title":"","ast-breadcrumbs-content":"","ast-featured-img":"","footer-sml-layout":"","ast-disable-related-posts":"","theme-transparent-header-meta":"","adv-header-id-meta":"","stick-header-meta":"","header-above-stick-meta":"","header-main-stick-meta":"","header-below-stick-meta":"","astra-migrate-meta-layouts":"default","ast-page-background-enabled":"default","ast-page-background-meta":{"desktop":{"background-color":"var(--ast-global-color-4)","background-image":"","background-repeat":"repeat","background-position":"center center","background-size":"auto","background-attachment":"scroll","background-type":"","background-media":"","overlay-type":"","overlay-color":"","overlay-opacity":"","overlay-gradient":""},"tablet":{"background-color":"","background-image":"","background-repeat":"repeat","background-position":"center center","background-size":"auto","background-attachment":"scroll","background-type":"","background-media":"","overlay-type":"","overlay-color":"","overlay-opacity":"","overlay-gradient":""},"mobile":{"background-color":"","background-image":"","background-repeat":"repeat","background-position":"center center","background-size":"auto","background-attachment":"scroll","background-type":"","background-media":"","overlay-type":"","overlay-color":"","overlay-opacity":"","overlay-gradient":""}},"ast-content-background-meta":{"desktop":{"background-color":"var(--ast-global-color-5)","background-image":"","background-repeat":"repeat","background-position":"center center","background-size":"auto","background-attachment":"scroll","background-type":"","background-media":"","overlay-type":"","overlay-color":"","overlay-opacity":"","overlay-gradient":""},"tablet":{"background-color":"var(--ast-global-color-5)","background-image":"","background-repeat":"repeat","background-position":"center center","background-size":"auto","background-attachment":"scroll","background-type":"","background-media":"","overlay-type":"","overlay-color":"","overlay-opacity":"","overlay-gradient":""},"mobile":{"background-color":"var(--ast-global-color-5)","background-image":"","background-repeat":"repeat","background-position":"center center","background-size":"auto","background-attachment":"scroll","background-type":"","background-media":"","overlay-type":"","overlay-color":"","overlay-opacity":"","overlay-gradient":""}},"_themeisle_gutenberg_block_has_review":false,"_mc_calendar":[],"footnotes":""},"class_list":["post-1303","page","type-page","status-publish","hentry"],"_links":{"self":[{"href":"https:\/\/asg-ulm.de\/index.php\/wp-json\/wp\/v2\/pages\/1303","targetHints":{"allow":["GET"]}}],"collection":[{"href":"https:\/\/asg-ulm.de\/index.php\/wp-json\/wp\/v2\/pages"}],"about":[{"href":"https:\/\/asg-ulm.de\/index.php\/wp-json\/wp\/v2\/types\/page"}],"author":[{"embeddable":true,"href":"https:\/\/asg-ulm.de\/index.php\/wp-json\/wp\/v2\/users\/2"}],"replies":[{"embeddable":true,"href":"https:\/\/asg-ulm.de\/index.php\/wp-json\/wp\/v2\/comments?post=1303"}],"version-history":[{"count":3,"href":"https:\/\/asg-ulm.de\/index.php\/wp-json\/wp\/v2\/pages\/1303\/revisions"}],"predecessor-version":[{"id":1517,"href":"https:\/\/asg-ulm.de\/index.php\/wp-json\/wp\/v2\/pages\/1303\/revisions\/1517"}],"wp:attachment":[{"href":"https:\/\/asg-ulm.de\/index.php\/wp-json\/wp\/v2\/media?parent=1303"}],"curies":[{"name":"wp","href":"https:\/\/api.w.org\/{rel}","templated":true}]}}