{"id":13,"date":"2023-03-25T09:32:17","date_gmt":"2023-03-25T09:32:17","guid":{"rendered":"https:\/\/designvorschlagschulhomepage.4lima.de\/?page_id=13"},"modified":"2026-01-28T07:59:33","modified_gmt":"2026-01-28T07:59:33","slug":"sekretariat","status":"publish","type":"page","link":"https:\/\/asg-ulm.de\/index.php\/sekretariat\/","title":{"rendered":"Sekretariat\/Krankmeldung"},"content":{"rendered":"\n<div id=\"wp-block-themeisle-blocks-advanced-columns-b4146d26\" class=\"wp-block-themeisle-blocks-advanced-columns alignfull has-3-columns has-desktop-twoOne-layout has-tablet-equal-layout has-mobile-collapsedRows-layout has-vertical-center ticss-c00aadba\"><div class=\"wp-block-themeisle-blocks-advanced-columns-overlay\"><\/div><div class=\"innerblocks-wrap\">\n<div id=\"wp-block-themeisle-blocks-advanced-column-d194c3b0\" class=\"wp-block-themeisle-blocks-advanced-column\">\n<h4 id=\"wp-block-themeisle-blocks-advanced-heading-9d66dcad\" class=\"wp-block-themeisle-blocks-advanced-heading wp-block-themeisle-blocks-advanced-heading-9d66dcad\">Ihr kind kann nicht zur Schule kommen?<\/h4>\n\n\n\n<p class=\"has-text-align-center\">Bitte melden Sie Ihr Kind <strong>bis 7.30 Uhr per E-Mail <\/strong>unter <a href=\"mailto:mitteilung@asg-schule-ulm.de\">mitteilung@asg-schule-ulm.de<\/a> krank.<\/p>\n\n\n\n<p class=\"has-text-align-center\">Bitte nennen Sie uns in der E-Mail den vollst\u00e4ndigen Namen und die Klasse Ihres Kindes.<\/p>\n\n\n\n<p class=\"has-text-align-center\"><\/p>\n\n\n\n<p class=\"has-text-align-center\">Gute Besserung!<\/p>\n\n\n\n<div class=\"wp-block-buttons is-vertical is-content-justification-center is-layout-flex wp-container-core-buttons-is-layout-9f5e29b6 wp-block-buttons-is-layout-flex\">\n<div class=\"wp-block-button has-custom-width wp-block-button__width-50 is-style-primary\"><a class=\"wp-block-button__link wp-element-button\" href=\"mailto:mitteilung@asg-schule-ulm.de\">Mail<\/a><\/div>\n<\/div>\n<\/div>\n\n\n\n<div id=\"wp-block-themeisle-blocks-advanced-column-b86925fa\" class=\"wp-block-themeisle-blocks-advanced-column\">\n<figure class=\"wp-block-image aligncenter size-large is-resized\"><img loading=\"lazy\" decoding=\"async\" width=\"683\" height=\"1024\" src=\"https:\/\/asg-ulm.de\/wp-content\/uploads\/2025\/12\/image-20251203-184657-333-683x1024.jpeg\" alt=\"\" class=\"wp-image-2824\" style=\"aspect-ratio:0.6670007485558828;width:106px;height:auto\" srcset=\"https:\/\/asg-ulm.de\/wp-content\/uploads\/2025\/12\/image-20251203-184657-333-683x1024.jpeg 683w, https:\/\/asg-ulm.de\/wp-content\/uploads\/2025\/12\/image-20251203-184657-333-200x300.jpeg 200w, https:\/\/asg-ulm.de\/wp-content\/uploads\/2025\/12\/image-20251203-184657-333-768x1152.jpeg 768w, https:\/\/asg-ulm.de\/wp-content\/uploads\/2025\/12\/image-20251203-184657-333.jpeg 1024w\" sizes=\"auto, (max-width: 683px) 100vw, 683px\" \/><\/figure>\n\n\n\n<h4 id=\"wp-block-themeisle-blocks-advanced-heading-77194bee\" class=\"wp-block-themeisle-blocks-advanced-heading wp-block-themeisle-blocks-advanced-heading-77194bee\">Sekretariat<\/h4>\n\n\n\n<div class=\"inherit-container-width wp-block-group is-layout-constrained wp-block-group-is-layout-constrained\">\n<p class=\"has-text-align-center\">\u00d6ffnungszeiten Schuljahr 2025\/26<\/p>\n\n\n\n<p class=\"has-text-align-center\"><strong>F\u00fcr Sch\u00fclerinnen und Sch\u00fcler: <\/strong><\/p>\n\n\n\n<p class=\"has-text-align-center\">Mo.- Do.: 11.10 &#8211; 11.30 Uhr<\/p>\n\n\n\n<p class=\"has-text-align-center\"><strong>F\u00fcr Erziehungsberechtigte:<\/strong> <\/p>\n\n\n\n<div class=\"inherit-container-width wp-block-group is-layout-constrained wp-block-group-is-layout-constrained\">\n<p class=\"has-text-align-center\">Mo.- Fr.: 8.00 &#8211; 8.30 Uhr<\/p>\n\n\n\n<p class=\"has-text-align-center\">Mo.- Do.: 12.30 &#8211; 13 Uhr<\/p>\n<\/div>\n<\/div>\n<\/div>\n\n\n\n<div id=\"wp-block-themeisle-blocks-advanced-column-a7be07bb\" class=\"wp-block-themeisle-blocks-advanced-column\">\n<h4 id=\"wp-block-themeisle-blocks-advanced-heading-9c73277d\" class=\"wp-block-themeisle-blocks-advanced-heading wp-block-themeisle-blocks-advanced-heading-9c73277d\">Telefonische Erreichbarkeit<\/h4>\n\n\n\n<div class=\"inherit-container-width wp-block-group is-layout-constrained wp-block-group-is-layout-constrained\">\n<p class=\"has-text-align-center\">Sie erreichen <strong>Frau Beran <\/strong>im Sekretariat unter der Nummer <strong>0731 161 3502<\/strong><\/p>\n\n\n\n<p class=\"has-text-align-center\"><\/p>\n\n\n\n<p class=\"has-text-align-center\">Sollten wir Ihren Anruf nicht pers\u00f6nlich entgegennehmen k\u00f6nnen, schreiben Sie uns Ihr Anliegen und Ihre Telefonnummer gerne per <strong><a href=\"mailto:asg@ulm.de\">E-Mail<\/a><\/strong>, wir melden uns dann baldm\u00f6glichst bei Ihnen.<\/p>\n<\/div>\n<\/div>\n<\/div><\/div>\n","protected":false},"excerpt":{"rendered":"","protected":false},"author":2,"featured_media":0,"parent":0,"menu_order":0,"comment_status":"closed","ping_status":"closed","template":"","meta":{"site-sidebar-layout":"default","site-content-layout":"","ast-site-content-layout":"default","site-content-style":"default","site-sidebar-style":"default","ast-global-header-display":"","ast-banner-title-visibility":"","ast-main-header-display":"","ast-hfb-above-header-display":"","ast-hfb-below-header-display":"","ast-hfb-mobile-header-display":"","site-post-title":"","ast-breadcrumbs-content":"","ast-featured-img":"","footer-sml-layout":"","ast-disable-related-posts":"","theme-transparent-header-meta":"","adv-header-id-meta":"","stick-header-meta":"","header-above-stick-meta":"","header-main-stick-meta":"","header-below-stick-meta":"","astra-migrate-meta-layouts":"set","ast-page-background-enabled":"default","ast-page-background-meta":{"desktop":{"background-color":"var(--ast-global-color-4)","background-image":"","background-repeat":"repeat","background-position":"center center","background-size":"auto","background-attachment":"scroll","background-type":"","background-media":"","overlay-type":"","overlay-color":"","overlay-opacity":"","overlay-gradient":""},"tablet":{"background-color":"","background-image":"","background-repeat":"repeat","background-position":"center center","background-size":"auto","background-attachment":"scroll","background-type":"","background-media":"","overlay-type":"","overlay-color":"","overlay-opacity":"","overlay-gradient":""},"mobile":{"background-color":"","background-image":"","background-repeat":"repeat","background-position":"center center","background-size":"auto","background-attachment":"scroll","background-type":"","background-media":"","overlay-type":"","overlay-color":"","overlay-opacity":"","overlay-gradient":""}},"ast-content-background-meta":{"desktop":{"background-color":"var(--ast-global-color-5)","background-image":"","background-repeat":"repeat","background-position":"center center","background-size":"auto","background-attachment":"scroll","background-type":"","background-media":"","overlay-type":"","overlay-color":"","overlay-opacity":"","overlay-gradient":""},"tablet":{"background-color":"var(--ast-global-color-5)","background-image":"","background-repeat":"repeat","background-position":"center center","background-size":"auto","background-attachment":"scroll","background-type":"","background-media":"","overlay-type":"","overlay-color":"","overlay-opacity":"","overlay-gradient":""},"mobile":{"background-color":"var(--ast-global-color-5)","background-image":"","background-repeat":"repeat","background-position":"center center","background-size":"auto","background-attachment":"scroll","background-type":"","background-media":"","overlay-type":"","overlay-color":"","overlay-opacity":"","overlay-gradient":""}},"_themeisle_gutenberg_block_has_review":false,"_mc_calendar":[],"footnotes":""},"class_list":["post-13","page","type-page","status-publish","hentry"],"_links":{"self":[{"href":"https:\/\/asg-ulm.de\/index.php\/wp-json\/wp\/v2\/pages\/13","targetHints":{"allow":["GET"]}}],"collection":[{"href":"https:\/\/asg-ulm.de\/index.php\/wp-json\/wp\/v2\/pages"}],"about":[{"href":"https:\/\/asg-ulm.de\/index.php\/wp-json\/wp\/v2\/types\/page"}],"author":[{"embeddable":true,"href":"https:\/\/asg-ulm.de\/index.php\/wp-json\/wp\/v2\/users\/2"}],"replies":[{"embeddable":true,"href":"https:\/\/asg-ulm.de\/index.php\/wp-json\/wp\/v2\/comments?post=13"}],"version-history":[{"count":57,"href":"https:\/\/asg-ulm.de\/index.php\/wp-json\/wp\/v2\/pages\/13\/revisions"}],"predecessor-version":[{"id":2890,"href":"https:\/\/asg-ulm.de\/index.php\/wp-json\/wp\/v2\/pages\/13\/revisions\/2890"}],"wp:attachment":[{"href":"https:\/\/asg-ulm.de\/index.php\/wp-json\/wp\/v2\/media?parent=13"}],"curies":[{"name":"wp","href":"https:\/\/api.w.org\/{rel}","templated":true}]}}