{"id":1207,"date":"2023-07-12T18:59:59","date_gmt":"2023-07-12T18:59:59","guid":{"rendered":"https:\/\/staging.ass.ulm.schule\/?page_id=1207"},"modified":"2026-04-22T09:01:40","modified_gmt":"2026-04-22T09:01:40","slug":"uebergaenge","status":"publish","type":"page","link":"https:\/\/asg-ulm.de\/index.php\/uebergaenge\/","title":{"rendered":"\u00dcberg\u00e4nge"},"content":{"rendered":"\n<h4 class=\"wp-block-heading ticss-9f46a0eb\">\u00dcberg\u00e4nge gestalten<\/h4>\n\n\n\n<p>Eine <strong>durchg\u00e4ngige Bildungsbiographie<\/strong> unterst\u00fctzt erfolgreiches Lernen. Wir achten in besonderer Weise auf den <strong>Eintritt in die Schule<\/strong>, auf den \u00dcbergang von <strong>Klasse 4 nach 5<\/strong> und beraten Sie und Ihr Kind bei der Entscheidung f\u00fcr ein <strong>passendes Abschlussziel<\/strong>. <\/p>\n\n\n\n<div style=\"height:45px\" aria-hidden=\"true\" class=\"wp-block-spacer\"><\/div>\n\n\n\n<figure class=\"wp-block-image size-full\"><a href=\"https:\/\/asg-ulm.de\/wp-content\/uploads\/2023\/11\/Grafik-Uebergaenge.png\"><img loading=\"lazy\" decoding=\"async\" width=\"605\" height=\"33\" src=\"https:\/\/asg-ulm.de\/wp-content\/uploads\/2023\/11\/Grafik-Uebergaenge.png\" alt=\"\" class=\"wp-image-1658\" srcset=\"https:\/\/asg-ulm.de\/wp-content\/uploads\/2023\/11\/Grafik-Uebergaenge.png 605w, https:\/\/asg-ulm.de\/wp-content\/uploads\/2023\/11\/Grafik-Uebergaenge-300x16.png 300w\" sizes=\"auto, (max-width: 605px) 100vw, 605px\" \/><\/a><\/figure>\n\n\n\n<div style=\"height:53px\" aria-hidden=\"true\" class=\"wp-block-spacer\"><\/div>\n\n\n\n<p><strong>Ihr Kind wird Schulkind<\/strong><strong><\/strong><\/p>\n\n\n\n<p>Vom \u201e<a href=\"https:\/\/www.ulm.de\/leben-in-ulm\/kinder,-jugend,-familie\/kinderbetreuung\/vorschulische-kinderbetreuung-in-ulm\/kindertageseinrichtungen\/die-abteilung-kindertagesbetreuung-in-ulm\">kinder welt entdecker<\/a>\u201c zum Schulkind: Unser Blick auf eine <strong>durchg\u00e4ngige Bildungsbiografie<\/strong> des Kindes zeigt sich in der engen\u00a0<strong>Zusammenarbeit zwischen Kita und uns. <\/strong> Durch die kurzen Wege ins Bildungshaus (Kita) k\u00f6nnen die Kinder spontan <strong>miteinander<\/strong> spielen und lernen. Oft besuchen sie sich gegenseitig, nehmen Teil an Projekten und gestalten gemeinsame Aktivit\u00e4ten und Ausfl\u00fcge. \u00dcber viele Jahre haben wir am Projekt <strong>&#8222;Schulreifes Kind&#8220;<\/strong> (kurz SRK) teilgenommen, nun sind wir <strong>Sprachfitschule<\/strong> und bereiten die Vorsch\u00fcler \u00fcber dieses landesweite Sprachf\u00f6rderkonzept auf die Schule vor. <\/p>\n\n\n\n<div style=\"height:40px\" aria-hidden=\"true\" class=\"wp-block-spacer\"><\/div>\n\n\n\n<p><strong>Ihr Kind kommt in Klasse 5<\/strong><strong><\/strong><\/p>\n\n\n\n<p>Kinder der ASG-Primarstufe kennen wir bereits. Kinder aus anderen Grundschulen lernen wir sehr gerne kennen.<\/p>\n\n\n\n<p>Ausgehend vom <strong>Lernstand<\/strong> Ihres Kindes entsteht ein <strong>pers\u00f6nlicher Lernweg<\/strong>. Vielf\u00e4ltige Lernangebote erm\u00f6glichen Ihrem Kind, sein pers\u00f6nlich h\u00f6chstm\u00f6gliches Lern- und Leistungspotential auszusch\u00f6pfen.<\/p>\n\n\n\n<p>Unser <strong>Team<\/strong> ab Klasse 5 besteht aus <strong>Sekundar- und Gymnasiallehrkr\u00e4ften<\/strong>. F\u00fcr einen gelingenden \u00dcbergang Ihres Kindes ist das Sekundarteam eng mit unseren Grundschullehrkr\u00e4ften vernetzt. Ihr Kind lernt in seiner Grundschulzeit verschiedene Unterrichtsmethoden kennen und probiert sich in ersten begleiteten Schritten im vertieften Lernen aus.<\/p>\n\n\n\n<div style=\"height:40px\" aria-hidden=\"true\" class=\"wp-block-spacer\"><\/div>\n\n\n\n<p><strong>Ihr Kind findet den passenden Abschluss<\/strong><\/p>\n\n\n\n<p>Erst ab <strong>Klasse 8<\/strong> entscheiden Sie zusammen mit Ihrem Kind, welcher Bildungsabschluss angestrebt wird. Wir unterst\u00fctzen Sie dabei in den <strong>Schullaufbahnberatungen<\/strong>. Sie, Ihr Kind und eine Lehrperson besprechen dort zusammen, ausgehend vom <strong>aktuellen Leistungsstand<\/strong>, den bestm\u00f6glichen Abschluss. Dabei spielt auch das <strong>Entwicklungspotential<\/strong> Ihres Kindes eine Rolle. Bei entsprechenden Leistungen kann dies den \u00dcbergang in die <strong>gymnasiale Oberstufe<\/strong> oder in ein <strong>berufliches Gymnasium<\/strong> bedeuten. Ebenso interessant ist die Entscheidung, eine <strong>Ausbildung<\/strong> zu beginnen. Auch diesen Weg begleiten wir durch ein breites Angebot an <strong>Berufs- und Studienorientierung<\/strong>.<\/p>\n","protected":false},"excerpt":{"rendered":"<p>\u00dcberg\u00e4nge gestalten Eine durchg\u00e4ngige Bildungsbiographie unterst\u00fctzt erfolgreiches Lernen. Wir achten in besonderer Weise auf den Eintritt in die Schule, auf den \u00dcbergang von Klasse 4 nach 5 und beraten Sie und Ihr Kind bei der Entscheidung f\u00fcr ein passendes Abschlussziel. Ihr Kind wird Schulkind Vom \u201ekinder welt entdecker\u201c zum Schulkind: Unser Blick auf eine durchg\u00e4ngige [&hellip;]<\/p>\n","protected":false},"author":2,"featured_media":0,"parent":0,"menu_order":0,"comment_status":"closed","ping_status":"closed","template":"","meta":{"site-sidebar-layout":"default","site-content-layout":"","ast-site-content-layout":"default","site-content-style":"default","site-sidebar-style":"default","ast-global-header-display":"","ast-banner-title-visibility":"","ast-main-header-display":"","ast-hfb-above-header-display":"","ast-hfb-below-header-display":"","ast-hfb-mobile-header-display":"","site-post-title":"","ast-breadcrumbs-content":"","ast-featured-img":"","footer-sml-layout":"","ast-disable-related-posts":"","theme-transparent-header-meta":"","adv-header-id-meta":"","stick-header-meta":"","header-above-stick-meta":"","header-main-stick-meta":"","header-below-stick-meta":"","astra-migrate-meta-layouts":"set","ast-page-background-enabled":"default","ast-page-background-meta":{"desktop":{"background-color":"var(--ast-global-color-4)","background-image":"","background-repeat":"repeat","background-position":"center center","background-size":"auto","background-attachment":"scroll","background-type":"","background-media":"","overlay-type":"","overlay-color":"","overlay-opacity":"","overlay-gradient":""},"tablet":{"background-color":"","background-image":"","background-repeat":"repeat","background-position":"center center","background-size":"auto","background-attachment":"scroll","background-type":"","background-media":"","overlay-type":"","overlay-color":"","overlay-opacity":"","overlay-gradient":""},"mobile":{"background-color":"","background-image":"","background-repeat":"repeat","background-position":"center center","background-size":"auto","background-attachment":"scroll","background-type":"","background-media":"","overlay-type":"","overlay-color":"","overlay-opacity":"","overlay-gradient":""}},"ast-content-background-meta":{"desktop":{"background-color":"var(--ast-global-color-5)","background-image":"","background-repeat":"repeat","background-position":"center center","background-size":"auto","background-attachment":"scroll","background-type":"","background-media":"","overlay-type":"","overlay-color":"","overlay-opacity":"","overlay-gradient":""},"tablet":{"background-color":"var(--ast-global-color-5)","background-image":"","background-repeat":"repeat","background-position":"center center","background-size":"auto","background-attachment":"scroll","background-type":"","background-media":"","overlay-type":"","overlay-color":"","overlay-opacity":"","overlay-gradient":""},"mobile":{"background-color":"var(--ast-global-color-5)","background-image":"","background-repeat":"repeat","background-position":"center center","background-size":"auto","background-attachment":"scroll","background-type":"","background-media":"","overlay-type":"","overlay-color":"","overlay-opacity":"","overlay-gradient":""}},"_themeisle_gutenberg_block_has_review":false,"_mc_calendar":[],"footnotes":""},"class_list":["post-1207","page","type-page","status-publish","hentry"],"_links":{"self":[{"href":"https:\/\/asg-ulm.de\/index.php\/wp-json\/wp\/v2\/pages\/1207","targetHints":{"allow":["GET"]}}],"collection":[{"href":"https:\/\/asg-ulm.de\/index.php\/wp-json\/wp\/v2\/pages"}],"about":[{"href":"https:\/\/asg-ulm.de\/index.php\/wp-json\/wp\/v2\/types\/page"}],"author":[{"embeddable":true,"href":"https:\/\/asg-ulm.de\/index.php\/wp-json\/wp\/v2\/users\/2"}],"replies":[{"embeddable":true,"href":"https:\/\/asg-ulm.de\/index.php\/wp-json\/wp\/v2\/comments?post=1207"}],"version-history":[{"count":26,"href":"https:\/\/asg-ulm.de\/index.php\/wp-json\/wp\/v2\/pages\/1207\/revisions"}],"predecessor-version":[{"id":2922,"href":"https:\/\/asg-ulm.de\/index.php\/wp-json\/wp\/v2\/pages\/1207\/revisions\/2922"}],"wp:attachment":[{"href":"https:\/\/asg-ulm.de\/index.php\/wp-json\/wp\/v2\/media?parent=1207"}],"curies":[{"name":"wp","href":"https:\/\/api.w.org\/{rel}","templated":true}]}}