{"id":1062,"date":"2023-07-10T06:27:05","date_gmt":"2023-07-10T06:27:05","guid":{"rendered":"https:\/\/staging.ass.ulm.schule\/?page_id=1062"},"modified":"2026-03-12T11:03:31","modified_gmt":"2026-03-12T11:03:31","slug":"mensa","status":"publish","type":"page","link":"https:\/\/asg-ulm.de\/index.php\/mensa\/","title":{"rendered":"Mensa"},"content":{"rendered":"\n<h4 class=\"wp-block-heading\">mensa<\/h4>\n\n\n\n<p>Seit September 2008 befindet sich die Mensa (40 Pl\u00e4tze) der Adalbert Stifter Gemeinschaftsschule im neuen Flachdachgeb\u00e4ude, in dem sich auch das Jugendhaus befindet.<\/p>\n\n\n\n<p>Von Montag bis Freitag werden immer von 12.00 bis 14.00 Uhr t\u00e4glich wechselnde Mittagessen angeboten. Das Mensateam bem\u00fcht sich, den Anteil an biologisch hochwertigen Lebensmitteln st\u00e4ndig zu erh\u00f6hen.<\/p>\n\n\n\n<p>Das Speisenangebot wird im 4-Wochen-Turnus wiederholt und t\u00e4glich frisch zubereitet. Pro Tag werden zurzeit zwischen 80 und 100 Essen ausgegeben.<\/p>\n\n\n\n<p>Ein zus\u00e4tzliches Angebot des Mensateams stellt das &#8222;gesunde Fr\u00fchst\u00fcck\u201c dar. Nach Absprache k\u00f6nnen einzelne Gruppen oder ganze Klassen in der Mensa fr\u00fchst\u00fccken.<\/p>\n\n\n\n<div class=\"wp-block-media-text is-stacked-on-mobile\"><figure class=\"wp-block-media-text__media\"><a href=\"https:\/\/asg-ulm.de\/wp-content\/uploads\/2023\/10\/Mensateam.jpg\"><img loading=\"lazy\" decoding=\"async\" width=\"1024\" height=\"576\" src=\"https:\/\/asg-ulm.de\/wp-content\/uploads\/2023\/10\/Mensateam-1024x576.jpg\" alt=\"\" class=\"wp-image-1388 size-full\" srcset=\"https:\/\/asg-ulm.de\/wp-content\/uploads\/2023\/10\/Mensateam-1024x576.jpg 1024w, https:\/\/asg-ulm.de\/wp-content\/uploads\/2023\/10\/Mensateam-300x169.jpg 300w, https:\/\/asg-ulm.de\/wp-content\/uploads\/2023\/10\/Mensateam-768x432.jpg 768w, https:\/\/asg-ulm.de\/wp-content\/uploads\/2023\/10\/Mensateam.jpg 1280w\" sizes=\"auto, (max-width: 1024px) 100vw, 1024px\" \/><\/a><\/figure><div class=\"wp-block-media-text__content\">\n<p>Speisepl\u00e4ne<\/p>\n\n\n\n<div class=\"wp-block-file\"><a id=\"wp-block-file--media-dafd4dda-4f48-4bf9-ad8a-584bf3348b53\" href=\"https:\/\/asg-ulm.de\/wp-content\/uploads\/2026\/02\/KW-11-Speiseplan.pdf\">KW 11 Speiseplan<\/a><\/div>\n\n\n\n<div class=\"wp-block-file\"><a id=\"wp-block-file--media-7e6514c1-eda3-40cb-8a74-f683a112c622\" href=\"https:\/\/asg-ulm.de\/wp-content\/uploads\/2026\/03\/KW-12-Speiseplan.pdf\">KW 12 Speiseplan<\/a><\/div>\n\n\n\n<div class=\"wp-block-file\"><a id=\"wp-block-file--media-2c5f3cec-65a0-47e1-b72c-3893c0eead95\" href=\"https:\/\/asg-ulm.de\/wp-content\/uploads\/2026\/03\/KW-13-Speiseplan.pdf\">KW 13 Speiseplan<\/a><\/div>\n\n\n\n<div class=\"wp-block-file\"><a id=\"wp-block-file--media-8fd835c6-20ec-4d49-b075-9f5061ecf23c\" href=\"https:\/\/asg-ulm.de\/wp-content\/uploads\/2026\/03\/KW-16-Speiseplan.pdf\">KW 16 Speiseplan<\/a><\/div>\n\n\n\n<div class=\"wp-block-file\"><a id=\"wp-block-file--media-97732d02-a075-48fb-b823-59d6562d0ef3\" href=\"https:\/\/asg-ulm.de\/wp-content\/uploads\/2026\/03\/KW-17-Speiseplan.pdf\">KW 17 Speiseplan<\/a><\/div>\n<\/div><\/div>\n","protected":false},"excerpt":{"rendered":"<p>mensa Seit September 2008 befindet sich die Mensa (40 Pl\u00e4tze) der Adalbert Stifter Gemeinschaftsschule im neuen Flachdachgeb\u00e4ude, in dem sich auch das Jugendhaus befindet. Von Montag bis Freitag werden immer von 12.00 bis 14.00 Uhr t\u00e4glich wechselnde Mittagessen angeboten. Das Mensateam bem\u00fcht sich, den Anteil an biologisch hochwertigen Lebensmitteln st\u00e4ndig zu erh\u00f6hen. Das Speisenangebot wird [&hellip;]<\/p>\n","protected":false},"author":2,"featured_media":0,"parent":0,"menu_order":0,"comment_status":"closed","ping_status":"closed","template":"","meta":{"site-sidebar-layout":"default","site-content-layout":"","ast-site-content-layout":"default","site-content-style":"default","site-sidebar-style":"default","ast-global-header-display":"","ast-banner-title-visibility":"","ast-main-header-display":"","ast-hfb-above-header-display":"","ast-hfb-below-header-display":"","ast-hfb-mobile-header-display":"","site-post-title":"","ast-breadcrumbs-content":"","ast-featured-img":"","footer-sml-layout":"","ast-disable-related-posts":"","theme-transparent-header-meta":"","adv-header-id-meta":"","stick-header-meta":"","header-above-stick-meta":"","header-main-stick-meta":"","header-below-stick-meta":"","astra-migrate-meta-layouts":"set","ast-page-background-enabled":"default","ast-page-background-meta":{"desktop":{"background-color":"var(--ast-global-color-4)","background-image":"","background-repeat":"repeat","background-position":"center center","background-size":"auto","background-attachment":"scroll","background-type":"","background-media":"","overlay-type":"","overlay-color":"","overlay-opacity":"","overlay-gradient":""},"tablet":{"background-color":"","background-image":"","background-repeat":"repeat","background-position":"center center","background-size":"auto","background-attachment":"scroll","background-type":"","background-media":"","overlay-type":"","overlay-color":"","overlay-opacity":"","overlay-gradient":""},"mobile":{"background-color":"","background-image":"","background-repeat":"repeat","background-position":"center center","background-size":"auto","background-attachment":"scroll","background-type":"","background-media":"","overlay-type":"","overlay-color":"","overlay-opacity":"","overlay-gradient":""}},"ast-content-background-meta":{"desktop":{"background-color":"var(--ast-global-color-5)","background-image":"","background-repeat":"repeat","background-position":"center center","background-size":"auto","background-attachment":"scroll","background-type":"","background-media":"","overlay-type":"","overlay-color":"","overlay-opacity":"","overlay-gradient":""},"tablet":{"background-color":"var(--ast-global-color-5)","background-image":"","background-repeat":"repeat","background-position":"center center","background-size":"auto","background-attachment":"scroll","background-type":"","background-media":"","overlay-type":"","overlay-color":"","overlay-opacity":"","overlay-gradient":""},"mobile":{"background-color":"var(--ast-global-color-5)","background-image":"","background-repeat":"repeat","background-position":"center center","background-size":"auto","background-attachment":"scroll","background-type":"","background-media":"","overlay-type":"","overlay-color":"","overlay-opacity":"","overlay-gradient":""}},"_themeisle_gutenberg_block_has_review":false,"_mc_calendar":[],"footnotes":""},"class_list":["post-1062","page","type-page","status-publish","hentry"],"_links":{"self":[{"href":"https:\/\/asg-ulm.de\/index.php\/wp-json\/wp\/v2\/pages\/1062","targetHints":{"allow":["GET"]}}],"collection":[{"href":"https:\/\/asg-ulm.de\/index.php\/wp-json\/wp\/v2\/pages"}],"about":[{"href":"https:\/\/asg-ulm.de\/index.php\/wp-json\/wp\/v2\/types\/page"}],"author":[{"embeddable":true,"href":"https:\/\/asg-ulm.de\/index.php\/wp-json\/wp\/v2\/users\/2"}],"replies":[{"embeddable":true,"href":"https:\/\/asg-ulm.de\/index.php\/wp-json\/wp\/v2\/comments?post=1062"}],"version-history":[{"count":52,"href":"https:\/\/asg-ulm.de\/index.php\/wp-json\/wp\/v2\/pages\/1062\/revisions"}],"predecessor-version":[{"id":2911,"href":"https:\/\/asg-ulm.de\/index.php\/wp-json\/wp\/v2\/pages\/1062\/revisions\/2911"}],"wp:attachment":[{"href":"https:\/\/asg-ulm.de\/index.php\/wp-json\/wp\/v2\/media?parent=1062"}],"curies":[{"name":"wp","href":"https:\/\/api.w.org\/{rel}","templated":true}]}}